{"id":634,"date":"2021-12-21T11:07:50","date_gmt":"2021-12-21T11:07:50","guid":{"rendered":"https:\/\/mabasnc.it\/?post_type=product&#038;p=634"},"modified":"2021-12-21T11:09:47","modified_gmt":"2021-12-21T11:09:47","slug":"royal-xl-320","status":"publish","type":"product","link":"https:\/\/mabasnc.it\/index.php\/prodotto\/royal-xl-320\/","title":{"rendered":"Royal XL 320"},"content":{"rendered":"<h4 style=\"text-align: center; margin: 30px 0;\">BROIL KING ROYAL XL 320<\/h4>\n<p><img decoding=\"async\" class=\"size-medium wp-image-210 aligncenter lazyload\" data-src=\"https:\/\/mabasnc.it\/wp-content\/uploads\/2021\/12\/royal-xl-320.jpg\" alt=\"barbecue settimo torinese\" width=\"350\" height=\"245\" src=\"data:image\/svg+xml;base64,PHN2ZyB3aWR0aD0iMSIgaGVpZ2h0PSIxIiB4bWxucz0iaHR0cDovL3d3dy53My5vcmcvMjAwMC9zdmciPjwvc3ZnPg==\" style=\"--smush-placeholder-width: 350px; --smush-placeholder-aspect-ratio: 350\/245;\" \/><br \/>\n<div class=\"column one-second mobile-one\"><div class=\"mcb-column-inner\"><\/p>\n<h4>Broil King Royal XL 320 <\/h4>\n<p>Broil King \u00e8 il marchio del Nord America che costruisce barbecue dalle alte prestazioni e dalla grande affidabilit\u00e0, prestando particolare attenzione alla qualit\u00e0 dei materiali e alla capacit\u00e0 di cottura. Produce barbecue ispirati alle cucine professionali, dai dettagli curati e dalla grande versatilit\u00e0. Il nuovissimo Broil King Royal XL 320 \u00e8 dotato di 3 bruciatori tubolari in acciaio inox da 11.40 kW. Le due griglie di cottura, da cm 33&#215;38 in ghisa trattata, permettono una diffusione omogenea del calore e garantiscono robustezza con un elevato spessore. Il nuovo trattamento di protezione assicura durevolezza nel tempo. Griglia di cottura scaldavivande movibile e molto grande, di cm 60&#215;24.<br \/>\n<\/div><\/div>\n<div class=\"column one-second mobile-one\"><div class=\"mcb-column-inner\"><\/p>\n<h4>L&#8217;accensione \u00e8 elettronica.<\/h4>\n<p>L&#8217;accensione \u00e8 elettronica. La camera di cottura \u00e8 in fusione di alluminio e regala una cottura omogenea. Il mobile di sostegno in acciaio verniciato a triplo strato \u00e8 dotato di due ripiani laterali pieghevoli in resina Perma-Mold. Vano porta-bombola che permette di alloggiare anche bombole da 10 kg. Broil King offre una garanzia a vita sulla fusione, 5 anni sui bruciatori, 2 anni su parti e verniciatura. <\/div><\/div>\n<\/p>\n","protected":false},"excerpt":{"rendered":"<p>Nuovissimo modello Royal 320 della Broil King. Caratteristiche principali: Tre bruciatori tubolari da 11.40 kw Coperchio e bracere in fusione di alluminio Due griglie in ghisa trattata da 33&#215;38 cm Ripiani laterali in resina Perma-Mold.<\/p>\n","protected":false},"featured_media":633,"comment_status":"open","ping_status":"closed","template":"","meta":[],"product_brand":[],"product_cat":[17],"product_tag":[27,26,28],"class_list":{"0":"post-634","1":"product","2":"type-product","3":"status-publish","4":"has-post-thumbnail","6":"product_cat-barbecue-a-gas","7":"product_tag-barbecue","8":"product_tag-barbecue-a-gas","9":"product_tag-broil-king","11":"first","12":"instock","13":"shipping-taxable","14":"product-type-simple"},"yoast_head":"<!-- This site is optimized with the Yoast SEO plugin v27.2 - https:\/\/yoast.com\/product\/yoast-seo-wordpress\/ -->\n<title>Royal XL 320 - Barbecue a gas, carbone, portatili, da incasso, a pellet MABA mabasnc.itw<\/title>\n<meta name=\"description\" content=\"Nuovissimo modello Royal 340 della Broil King tre bruciatori tubolari da 11.40 kw fornello laterale da 2.70 kw de griglie in ghisa trattata.\" \/>\n<meta name=\"robots\" content=\"index, follow, max-snippet:-1, max-image-preview:large, max-video-preview:-1\" \/>\n<link rel=\"canonical\" href=\"https:\/\/mabasnc.it\/index.php\/prodotto\/royal-xl-320\/\" \/>\n<meta property=\"og:locale\" content=\"it_IT\" \/>\n<meta property=\"og:type\" content=\"article\" \/>\n<meta property=\"og:title\" content=\"Royal XL 320 - Barbecue a gas, carbone, portatili, da incasso, a pellet MABA mabasnc.itw\" \/>\n<meta property=\"og:description\" content=\"Nuovissimo modello Royal 340 della Broil King tre bruciatori tubolari da 11.40 kw fornello laterale da 2.70 kw de griglie in ghisa trattata.\" \/>\n<meta property=\"og:url\" content=\"https:\/\/mabasnc.it\/index.php\/prodotto\/royal-xl-320\/\" \/>\n<meta property=\"og:site_name\" content=\"Barbecue a gas, carbone, portatili, da incasso, a pellet MABA mabasnc.itw\" \/>\n<meta property=\"article:modified_time\" content=\"2021-12-21T11:09:47+00:00\" \/>\n<meta property=\"og:image\" content=\"https:\/\/mabasnc.it\/wp-content\/uploads\/2021\/12\/royal-xl-320.jpg\" \/>\n\t<meta property=\"og:image:width\" content=\"600\" \/>\n\t<meta property=\"og:image:height\" content=\"600\" \/>\n\t<meta property=\"og:image:type\" content=\"image\/jpeg\" \/>\n<meta name=\"twitter:card\" content=\"summary_large_image\" \/>\n<meta name=\"twitter:label1\" content=\"Tempo di lettura stimato\" \/>\n\t<meta name=\"twitter:data1\" content=\"1 minuto\" \/>\n<script type=\"application\/ld+json\" class=\"yoast-schema-graph\">{\"@context\":\"https:\/\/schema.org\",\"@graph\":[{\"@type\":\"WebPage\",\"@id\":\"https:\/\/mabasnc.it\/index.php\/prodotto\/royal-xl-320\/\",\"url\":\"https:\/\/mabasnc.it\/index.php\/prodotto\/royal-xl-320\/\",\"name\":\"Royal XL 320 - Barbecue a gas, carbone, portatili, da incasso, a pellet MABA mabasnc.itw\",\"isPartOf\":{\"@id\":\"https:\/\/mabasnc.it\/#website\"},\"primaryImageOfPage\":{\"@id\":\"https:\/\/mabasnc.it\/index.php\/prodotto\/royal-xl-320\/#primaryimage\"},\"image\":{\"@id\":\"https:\/\/mabasnc.it\/index.php\/prodotto\/royal-xl-320\/#primaryimage\"},\"thumbnailUrl\":\"https:\/\/mabasnc.it\/wp-content\/uploads\/2021\/12\/royal-xl-320.jpg\",\"datePublished\":\"2021-12-21T11:07:50+00:00\",\"dateModified\":\"2021-12-21T11:09:47+00:00\",\"description\":\"Nuovissimo modello Royal 340 della Broil King tre bruciatori tubolari da 11.40 kw fornello laterale da 2.70 kw de griglie in ghisa trattata.\",\"breadcrumb\":{\"@id\":\"https:\/\/mabasnc.it\/index.php\/prodotto\/royal-xl-320\/#breadcrumb\"},\"inLanguage\":\"it-IT\",\"potentialAction\":[{\"@type\":\"ReadAction\",\"target\":[\"https:\/\/mabasnc.it\/index.php\/prodotto\/royal-xl-320\/\"]}]},{\"@type\":\"ImageObject\",\"inLanguage\":\"it-IT\",\"@id\":\"https:\/\/mabasnc.it\/index.php\/prodotto\/royal-xl-320\/#primaryimage\",\"url\":\"https:\/\/mabasnc.it\/wp-content\/uploads\/2021\/12\/royal-xl-320.jpg\",\"contentUrl\":\"https:\/\/mabasnc.it\/wp-content\/uploads\/2021\/12\/royal-xl-320.jpg\",\"width\":600,\"height\":600,\"caption\":\"barbecue broil king\"},{\"@type\":\"BreadcrumbList\",\"@id\":\"https:\/\/mabasnc.it\/index.php\/prodotto\/royal-xl-320\/#breadcrumb\",\"itemListElement\":[{\"@type\":\"ListItem\",\"position\":1,\"name\":\"Home\",\"item\":\"https:\/\/mabasnc.it\/\"},{\"@type\":\"ListItem\",\"position\":2,\"name\":\"CATALOGO PRODOTTI\",\"item\":\"https:\/\/mabasnc.it\/index.php\/catalogo-prodotti\/\"},{\"@type\":\"ListItem\",\"position\":3,\"name\":\"Royal XL 320\"}]},{\"@type\":\"WebSite\",\"@id\":\"https:\/\/mabasnc.it\/#website\",\"url\":\"https:\/\/mabasnc.it\/\",\"name\":\"Barbecue a gas, carbone, portatili, da incasso, a pellet MABA mabasnc.itw\",\"description\":\"Maba Settimo torinese ti offre un\u2019ampia gamma di barbecue a gas, carbone a legna\",\"potentialAction\":[{\"@type\":\"SearchAction\",\"target\":{\"@type\":\"EntryPoint\",\"urlTemplate\":\"https:\/\/mabasnc.it\/?s={search_term_string}\"},\"query-input\":{\"@type\":\"PropertyValueSpecification\",\"valueRequired\":true,\"valueName\":\"search_term_string\"}}],\"inLanguage\":\"it-IT\"}]}<\/script>\n<!-- \/ Yoast SEO plugin. -->","yoast_head_json":{"title":"Royal XL 320 - Barbecue a gas, carbone, portatili, da incasso, a pellet MABA mabasnc.itw","description":"Nuovissimo modello Royal 340 della Broil King tre bruciatori tubolari da 11.40 kw fornello laterale da 2.70 kw de griglie in ghisa trattata.","robots":{"index":"index","follow":"follow","max-snippet":"max-snippet:-1","max-image-preview":"max-image-preview:large","max-video-preview":"max-video-preview:-1"},"canonical":"https:\/\/mabasnc.it\/index.php\/prodotto\/royal-xl-320\/","og_locale":"it_IT","og_type":"article","og_title":"Royal XL 320 - Barbecue a gas, carbone, portatili, da incasso, a pellet MABA mabasnc.itw","og_description":"Nuovissimo modello Royal 340 della Broil King tre bruciatori tubolari da 11.40 kw fornello laterale da 2.70 kw de griglie in ghisa trattata.","og_url":"https:\/\/mabasnc.it\/index.php\/prodotto\/royal-xl-320\/","og_site_name":"Barbecue a gas, carbone, portatili, da incasso, a pellet MABA mabasnc.itw","article_modified_time":"2021-12-21T11:09:47+00:00","og_image":[{"width":600,"height":600,"url":"https:\/\/mabasnc.it\/wp-content\/uploads\/2021\/12\/royal-xl-320.jpg","type":"image\/jpeg"}],"twitter_card":"summary_large_image","twitter_misc":{"Tempo di lettura stimato":"1 minuto"},"schema":{"@context":"https:\/\/schema.org","@graph":[{"@type":"WebPage","@id":"https:\/\/mabasnc.it\/index.php\/prodotto\/royal-xl-320\/","url":"https:\/\/mabasnc.it\/index.php\/prodotto\/royal-xl-320\/","name":"Royal XL 320 - Barbecue a gas, carbone, portatili, da incasso, a pellet MABA mabasnc.itw","isPartOf":{"@id":"https:\/\/mabasnc.it\/#website"},"primaryImageOfPage":{"@id":"https:\/\/mabasnc.it\/index.php\/prodotto\/royal-xl-320\/#primaryimage"},"image":{"@id":"https:\/\/mabasnc.it\/index.php\/prodotto\/royal-xl-320\/#primaryimage"},"thumbnailUrl":"https:\/\/mabasnc.it\/wp-content\/uploads\/2021\/12\/royal-xl-320.jpg","datePublished":"2021-12-21T11:07:50+00:00","dateModified":"2021-12-21T11:09:47+00:00","description":"Nuovissimo modello Royal 340 della Broil King tre bruciatori tubolari da 11.40 kw fornello laterale da 2.70 kw de griglie in ghisa trattata.","breadcrumb":{"@id":"https:\/\/mabasnc.it\/index.php\/prodotto\/royal-xl-320\/#breadcrumb"},"inLanguage":"it-IT","potentialAction":[{"@type":"ReadAction","target":["https:\/\/mabasnc.it\/index.php\/prodotto\/royal-xl-320\/"]}]},{"@type":"ImageObject","inLanguage":"it-IT","@id":"https:\/\/mabasnc.it\/index.php\/prodotto\/royal-xl-320\/#primaryimage","url":"https:\/\/mabasnc.it\/wp-content\/uploads\/2021\/12\/royal-xl-320.jpg","contentUrl":"https:\/\/mabasnc.it\/wp-content\/uploads\/2021\/12\/royal-xl-320.jpg","width":600,"height":600,"caption":"barbecue broil king"},{"@type":"BreadcrumbList","@id":"https:\/\/mabasnc.it\/index.php\/prodotto\/royal-xl-320\/#breadcrumb","itemListElement":[{"@type":"ListItem","position":1,"name":"Home","item":"https:\/\/mabasnc.it\/"},{"@type":"ListItem","position":2,"name":"CATALOGO PRODOTTI","item":"https:\/\/mabasnc.it\/index.php\/catalogo-prodotti\/"},{"@type":"ListItem","position":3,"name":"Royal XL 320"}]},{"@type":"WebSite","@id":"https:\/\/mabasnc.it\/#website","url":"https:\/\/mabasnc.it\/","name":"Barbecue a gas, carbone, portatili, da incasso, a pellet MABA mabasnc.itw","description":"Maba Settimo torinese ti offre un\u2019ampia gamma di barbecue a gas, carbone a legna","potentialAction":[{"@type":"SearchAction","target":{"@type":"EntryPoint","urlTemplate":"https:\/\/mabasnc.it\/?s={search_term_string}"},"query-input":{"@type":"PropertyValueSpecification","valueRequired":true,"valueName":"search_term_string"}}],"inLanguage":"it-IT"}]}},"_links":{"self":[{"href":"https:\/\/mabasnc.it\/index.php\/wp-json\/wp\/v2\/product\/634","targetHints":{"allow":["GET"]}}],"collection":[{"href":"https:\/\/mabasnc.it\/index.php\/wp-json\/wp\/v2\/product"}],"about":[{"href":"https:\/\/mabasnc.it\/index.php\/wp-json\/wp\/v2\/types\/product"}],"replies":[{"embeddable":true,"href":"https:\/\/mabasnc.it\/index.php\/wp-json\/wp\/v2\/comments?post=634"}],"wp:featuredmedia":[{"embeddable":true,"href":"https:\/\/mabasnc.it\/index.php\/wp-json\/wp\/v2\/media\/633"}],"wp:attachment":[{"href":"https:\/\/mabasnc.it\/index.php\/wp-json\/wp\/v2\/media?parent=634"}],"wp:term":[{"taxonomy":"product_brand","embeddable":true,"href":"https:\/\/mabasnc.it\/index.php\/wp-json\/wp\/v2\/product_brand?post=634"},{"taxonomy":"product_cat","embeddable":true,"href":"https:\/\/mabasnc.it\/index.php\/wp-json\/wp\/v2\/product_cat?post=634"},{"taxonomy":"product_tag","embeddable":true,"href":"https:\/\/mabasnc.it\/index.php\/wp-json\/wp\/v2\/product_tag?post=634"}],"curies":[{"name":"wp","href":"https:\/\/api.w.org\/{rel}","templated":true}]}}