{"id":622,"date":"2021-12-21T10:39:59","date_gmt":"2021-12-21T10:39:59","guid":{"rendered":"https:\/\/mabasnc.it\/?post_type=product&#038;p=622"},"modified":"2021-12-21T10:41:17","modified_gmt":"2021-12-21T10:41:17","slug":"signet-340","status":"publish","type":"product","link":"https:\/\/mabasnc.it\/index.php\/prodotto\/signet-340\/","title":{"rendered":"Signet 340"},"content":{"rendered":"<h4 style=\"text-align: center; margin: 30px 0;\">BROIL KING SIGNET 340<\/h4>\n<p><img decoding=\"async\" class=\"size-medium wp-image-210 aligncenter lazyload\" data-src=\"https:\/\/mabasnc.it\/wp-content\/uploads\/2021\/12\/signet-340.jpg\" alt=\"barbecue\" width=\"350\" height=\"245\" src=\"data:image\/svg+xml;base64,PHN2ZyB3aWR0aD0iMSIgaGVpZ2h0PSIxIiB4bWxucz0iaHR0cDovL3d3dy53My5vcmcvMjAwMC9zdmciPjwvc3ZnPg==\" style=\"--smush-placeholder-width: 350px; --smush-placeholder-aspect-ratio: 350\/245;\" \/><br \/>\n<div class=\"column one-second mobile-one\"><div class=\"mcb-column-inner\"><\/p>\n<h4>Broil King Signet 340 <\/h4>\n<p>Broil King \u00e8 il marchio del Nord America che costruisce barbecue dalle alte prestazioni e dalla grande affidabilit\u00e0, prestando particolare attenzione alla qualit\u00e0 dei materiali e alla capacit\u00e0 di cottura. Produce barbecue ispirati alle cucine professionali, dai dettagli curati e dalla grande versatilit\u00e0. Il nuovissimo Broil King SIGNET 340 \u00e8 dotato di 3 bruciatori Dual Tube da 11.40 kw e un fornello laterale da 2.70 kw. Il bruciatore Dual Tube \u00e8 stato brevettato e studiato per permettere una distribuzione omogenea del calore. Le due fiamme infatti scaldano in maniera uniforme il bruciatore. Il fornello laterale aggiunge 2.70 kw per garantirti grande funzionalit\u00e0 e tanto spazio per preparare i tuoi piatti. Le griglie sono in ghisa pesante e assicurano una diffusione omogenea del calore e garantiscono robustezza con un elevato spessore. Il nuovo trattamento di protezione assicura durevolezza nel tempo.<br \/>\n<\/div><\/div>\n<div class=\"column one-second mobile-one\"><div class=\"mcb-column-inner\"><\/p>\n<h4>L&#8217;accensione \u00e8 elettronica.<\/h4>\n<p>L&#8217;accensione \u00e8 elettronica. Il barbecue Broil King Signet 340 \u00e8 provvisto di diffusori di calore Flav-R-Wave in acciaio inox, che permettono di vaporizzare i sughi di cottura ed evitare inutili fiammate. La camera di combustione \u00e8 in pressofusione di alluminio e regala una cottura perfetta e omogenea. Cappa in pressofusione di alluminio con termometro per il controllo della temperatura. Regolatore di pressione 28\/30 mmbar e tubo inclusi. La griglia scaldavivande ti aiuter\u00e0 a mantenere caldi i cibi cucinati. Mobile di sostegno con antine frontali in acciaio inox e 2 ripiani laterali in acciaio inox entrambi pieghevoli. Vano porta-bombole per alloggiare anche bombole di 10 kg. Dotato di 2 ruote grandi e 2 ruote piccoledirezionali con freno per facilitare gli spostamenti anche sulle superfici irregolari. Possibilit\u00e0 di averlo con kit per gas metano, reso disponibile dalla casa madre, che permette cos\u00ec di mantenere la garanzia. Broil King offre una garanzia a vita sulla fusione, 10 anni sui bruciatori, 2 anni su parti e verniciatura. <\/div><\/div>\n<\/p>\n","protected":false},"excerpt":{"rendered":"<p>Nuovissimo modello Signet 340 della Broil King. Tanto acciaio inox e un design accattivante contraddistinguono questo modello. Un barbecue con 3 bruciatori e fornello laterale.<\/p>\n","protected":false},"featured_media":619,"comment_status":"open","ping_status":"closed","template":"","meta":[],"product_brand":[],"product_cat":[17],"product_tag":[27,26,28,105],"class_list":{"0":"post-622","1":"product","2":"type-product","3":"status-publish","4":"has-post-thumbnail","6":"product_cat-barbecue-a-gas","7":"product_tag-barbecue","8":"product_tag-barbecue-a-gas","9":"product_tag-broil-king","10":"product_tag-signet-390","12":"first","13":"instock","14":"shipping-taxable","15":"product-type-simple"},"yoast_head":"<!-- This site is optimized with the Yoast SEO plugin v27.2 - https:\/\/yoast.com\/product\/yoast-seo-wordpress\/ -->\n<title>Signet 340 - Barbecue a gas, carbone, portatili, da incasso, a pellet MABA mabasnc.itw<\/title>\n<meta name=\"description\" content=\"Un barbecue con 3 bruciatori, fornello laterale, bruciatore posteriore e girarrosto con motore elettrico in dotazione di serie.\" \/>\n<meta name=\"robots\" content=\"index, follow, max-snippet:-1, max-image-preview:large, max-video-preview:-1\" \/>\n<link rel=\"canonical\" href=\"https:\/\/mabasnc.it\/index.php\/prodotto\/signet-340\/\" \/>\n<meta property=\"og:locale\" content=\"it_IT\" \/>\n<meta property=\"og:type\" content=\"article\" \/>\n<meta property=\"og:title\" content=\"Signet 340 - Barbecue a gas, carbone, portatili, da incasso, a pellet MABA mabasnc.itw\" \/>\n<meta property=\"og:description\" content=\"Un barbecue con 3 bruciatori, fornello laterale, bruciatore posteriore e girarrosto con motore elettrico in dotazione di serie.\" \/>\n<meta property=\"og:url\" content=\"https:\/\/mabasnc.it\/index.php\/prodotto\/signet-340\/\" \/>\n<meta property=\"og:site_name\" content=\"Barbecue a gas, carbone, portatili, da incasso, a pellet MABA mabasnc.itw\" \/>\n<meta property=\"article:modified_time\" content=\"2021-12-21T10:41:17+00:00\" \/>\n<meta property=\"og:image\" content=\"https:\/\/mabasnc.it\/wp-content\/uploads\/2021\/12\/signet-340.jpg\" \/>\n\t<meta property=\"og:image:width\" content=\"600\" \/>\n\t<meta property=\"og:image:height\" content=\"600\" \/>\n\t<meta property=\"og:image:type\" content=\"image\/jpeg\" \/>\n<meta name=\"twitter:card\" content=\"summary_large_image\" \/>\n<meta name=\"twitter:label1\" content=\"Tempo di lettura stimato\" \/>\n\t<meta name=\"twitter:data1\" content=\"1 minuto\" \/>\n<script type=\"application\/ld+json\" class=\"yoast-schema-graph\">{\"@context\":\"https:\/\/schema.org\",\"@graph\":[{\"@type\":\"WebPage\",\"@id\":\"https:\/\/mabasnc.it\/index.php\/prodotto\/signet-340\/\",\"url\":\"https:\/\/mabasnc.it\/index.php\/prodotto\/signet-340\/\",\"name\":\"Signet 340 - Barbecue a gas, carbone, portatili, da incasso, a pellet MABA mabasnc.itw\",\"isPartOf\":{\"@id\":\"https:\/\/mabasnc.it\/#website\"},\"primaryImageOfPage\":{\"@id\":\"https:\/\/mabasnc.it\/index.php\/prodotto\/signet-340\/#primaryimage\"},\"image\":{\"@id\":\"https:\/\/mabasnc.it\/index.php\/prodotto\/signet-340\/#primaryimage\"},\"thumbnailUrl\":\"https:\/\/mabasnc.it\/wp-content\/uploads\/2021\/12\/signet-340.jpg\",\"datePublished\":\"2021-12-21T10:39:59+00:00\",\"dateModified\":\"2021-12-21T10:41:17+00:00\",\"description\":\"Un barbecue con 3 bruciatori, fornello laterale, bruciatore posteriore e girarrosto con motore elettrico in dotazione di serie.\",\"breadcrumb\":{\"@id\":\"https:\/\/mabasnc.it\/index.php\/prodotto\/signet-340\/#breadcrumb\"},\"inLanguage\":\"it-IT\",\"potentialAction\":[{\"@type\":\"ReadAction\",\"target\":[\"https:\/\/mabasnc.it\/index.php\/prodotto\/signet-340\/\"]}]},{\"@type\":\"ImageObject\",\"inLanguage\":\"it-IT\",\"@id\":\"https:\/\/mabasnc.it\/index.php\/prodotto\/signet-340\/#primaryimage\",\"url\":\"https:\/\/mabasnc.it\/wp-content\/uploads\/2021\/12\/signet-340.jpg\",\"contentUrl\":\"https:\/\/mabasnc.it\/wp-content\/uploads\/2021\/12\/signet-340.jpg\",\"width\":600,\"height\":600,\"caption\":\"barbecue gas broil king\"},{\"@type\":\"BreadcrumbList\",\"@id\":\"https:\/\/mabasnc.it\/index.php\/prodotto\/signet-340\/#breadcrumb\",\"itemListElement\":[{\"@type\":\"ListItem\",\"position\":1,\"name\":\"Home\",\"item\":\"https:\/\/mabasnc.it\/\"},{\"@type\":\"ListItem\",\"position\":2,\"name\":\"CATALOGO PRODOTTI\",\"item\":\"https:\/\/mabasnc.it\/index.php\/catalogo-prodotti\/\"},{\"@type\":\"ListItem\",\"position\":3,\"name\":\"Signet 340\"}]},{\"@type\":\"WebSite\",\"@id\":\"https:\/\/mabasnc.it\/#website\",\"url\":\"https:\/\/mabasnc.it\/\",\"name\":\"Barbecue a gas, carbone, portatili, da incasso, a pellet MABA mabasnc.itw\",\"description\":\"Maba Settimo torinese ti offre un\u2019ampia gamma di barbecue a gas, carbone a legna\",\"potentialAction\":[{\"@type\":\"SearchAction\",\"target\":{\"@type\":\"EntryPoint\",\"urlTemplate\":\"https:\/\/mabasnc.it\/?s={search_term_string}\"},\"query-input\":{\"@type\":\"PropertyValueSpecification\",\"valueRequired\":true,\"valueName\":\"search_term_string\"}}],\"inLanguage\":\"it-IT\"}]}<\/script>\n<!-- \/ Yoast SEO plugin. -->","yoast_head_json":{"title":"Signet 340 - Barbecue a gas, carbone, portatili, da incasso, a pellet MABA mabasnc.itw","description":"Un barbecue con 3 bruciatori, fornello laterale, bruciatore posteriore e girarrosto con motore elettrico in dotazione di serie.","robots":{"index":"index","follow":"follow","max-snippet":"max-snippet:-1","max-image-preview":"max-image-preview:large","max-video-preview":"max-video-preview:-1"},"canonical":"https:\/\/mabasnc.it\/index.php\/prodotto\/signet-340\/","og_locale":"it_IT","og_type":"article","og_title":"Signet 340 - Barbecue a gas, carbone, portatili, da incasso, a pellet MABA mabasnc.itw","og_description":"Un barbecue con 3 bruciatori, fornello laterale, bruciatore posteriore e girarrosto con motore elettrico in dotazione di serie.","og_url":"https:\/\/mabasnc.it\/index.php\/prodotto\/signet-340\/","og_site_name":"Barbecue a gas, carbone, portatili, da incasso, a pellet MABA mabasnc.itw","article_modified_time":"2021-12-21T10:41:17+00:00","og_image":[{"width":600,"height":600,"url":"https:\/\/mabasnc.it\/wp-content\/uploads\/2021\/12\/signet-340.jpg","type":"image\/jpeg"}],"twitter_card":"summary_large_image","twitter_misc":{"Tempo di lettura stimato":"1 minuto"},"schema":{"@context":"https:\/\/schema.org","@graph":[{"@type":"WebPage","@id":"https:\/\/mabasnc.it\/index.php\/prodotto\/signet-340\/","url":"https:\/\/mabasnc.it\/index.php\/prodotto\/signet-340\/","name":"Signet 340 - Barbecue a gas, carbone, portatili, da incasso, a pellet MABA mabasnc.itw","isPartOf":{"@id":"https:\/\/mabasnc.it\/#website"},"primaryImageOfPage":{"@id":"https:\/\/mabasnc.it\/index.php\/prodotto\/signet-340\/#primaryimage"},"image":{"@id":"https:\/\/mabasnc.it\/index.php\/prodotto\/signet-340\/#primaryimage"},"thumbnailUrl":"https:\/\/mabasnc.it\/wp-content\/uploads\/2021\/12\/signet-340.jpg","datePublished":"2021-12-21T10:39:59+00:00","dateModified":"2021-12-21T10:41:17+00:00","description":"Un barbecue con 3 bruciatori, fornello laterale, bruciatore posteriore e girarrosto con motore elettrico in dotazione di serie.","breadcrumb":{"@id":"https:\/\/mabasnc.it\/index.php\/prodotto\/signet-340\/#breadcrumb"},"inLanguage":"it-IT","potentialAction":[{"@type":"ReadAction","target":["https:\/\/mabasnc.it\/index.php\/prodotto\/signet-340\/"]}]},{"@type":"ImageObject","inLanguage":"it-IT","@id":"https:\/\/mabasnc.it\/index.php\/prodotto\/signet-340\/#primaryimage","url":"https:\/\/mabasnc.it\/wp-content\/uploads\/2021\/12\/signet-340.jpg","contentUrl":"https:\/\/mabasnc.it\/wp-content\/uploads\/2021\/12\/signet-340.jpg","width":600,"height":600,"caption":"barbecue gas broil king"},{"@type":"BreadcrumbList","@id":"https:\/\/mabasnc.it\/index.php\/prodotto\/signet-340\/#breadcrumb","itemListElement":[{"@type":"ListItem","position":1,"name":"Home","item":"https:\/\/mabasnc.it\/"},{"@type":"ListItem","position":2,"name":"CATALOGO PRODOTTI","item":"https:\/\/mabasnc.it\/index.php\/catalogo-prodotti\/"},{"@type":"ListItem","position":3,"name":"Signet 340"}]},{"@type":"WebSite","@id":"https:\/\/mabasnc.it\/#website","url":"https:\/\/mabasnc.it\/","name":"Barbecue a gas, carbone, portatili, da incasso, a pellet MABA mabasnc.itw","description":"Maba Settimo torinese ti offre un\u2019ampia gamma di barbecue a gas, carbone a legna","potentialAction":[{"@type":"SearchAction","target":{"@type":"EntryPoint","urlTemplate":"https:\/\/mabasnc.it\/?s={search_term_string}"},"query-input":{"@type":"PropertyValueSpecification","valueRequired":true,"valueName":"search_term_string"}}],"inLanguage":"it-IT"}]}},"_links":{"self":[{"href":"https:\/\/mabasnc.it\/index.php\/wp-json\/wp\/v2\/product\/622","targetHints":{"allow":["GET"]}}],"collection":[{"href":"https:\/\/mabasnc.it\/index.php\/wp-json\/wp\/v2\/product"}],"about":[{"href":"https:\/\/mabasnc.it\/index.php\/wp-json\/wp\/v2\/types\/product"}],"replies":[{"embeddable":true,"href":"https:\/\/mabasnc.it\/index.php\/wp-json\/wp\/v2\/comments?post=622"}],"wp:featuredmedia":[{"embeddable":true,"href":"https:\/\/mabasnc.it\/index.php\/wp-json\/wp\/v2\/media\/619"}],"wp:attachment":[{"href":"https:\/\/mabasnc.it\/index.php\/wp-json\/wp\/v2\/media?parent=622"}],"wp:term":[{"taxonomy":"product_brand","embeddable":true,"href":"https:\/\/mabasnc.it\/index.php\/wp-json\/wp\/v2\/product_brand?post=622"},{"taxonomy":"product_cat","embeddable":true,"href":"https:\/\/mabasnc.it\/index.php\/wp-json\/wp\/v2\/product_cat?post=622"},{"taxonomy":"product_tag","embeddable":true,"href":"https:\/\/mabasnc.it\/index.php\/wp-json\/wp\/v2\/product_tag?post=622"}],"curies":[{"name":"wp","href":"https:\/\/api.w.org\/{rel}","templated":true}]}}