{"id":617,"date":"2021-12-21T10:30:26","date_gmt":"2021-12-21T10:30:26","guid":{"rendered":"https:\/\/mabasnc.it\/?post_type=product&#038;p=617"},"modified":"2021-12-21T10:32:15","modified_gmt":"2021-12-21T10:32:15","slug":"baron-420-nero","status":"publish","type":"product","link":"https:\/\/mabasnc.it\/index.php\/prodotto\/baron-420-nero\/","title":{"rendered":"Baron 420 nero"},"content":{"rendered":"<h4 style=\"text-align: center; margin: 30px 0;\">BROIL KING BARON 420 NERO<\/h4>\n<p><img decoding=\"async\" class=\"size-medium wp-image-210 aligncenter lazyload\" data-src=\"https:\/\/mabasnc.it\/wp-content\/uploads\/2021\/12\/baron-420.jpg\" alt=\"barbecue\" width=\"350\" height=\"245\" src=\"data:image\/svg+xml;base64,PHN2ZyB3aWR0aD0iMSIgaGVpZ2h0PSIxIiB4bWxucz0iaHR0cDovL3d3dy53My5vcmcvMjAwMC9zdmciPjwvc3ZnPg==\" style=\"--smush-placeholder-width: 350px; --smush-placeholder-aspect-ratio: 350\/245;\" \/><br \/>\n<div class=\"column one-second mobile-one\"><div class=\"mcb-column-inner\"><\/p>\n<h4>Broil King Baron 420 Nero <\/h4>\n<p>Broil King \u00e8 il marchio del Nord America che costruisce barbecue dalle alte prestazioni e dalla grande affidabilit\u00e0, prestando particolare attenzione alla qualit\u00e0 dei materiali e alla capacit\u00e0 di cottura. Produce barbecue ispirati alle cucine professionali, dai dettagli curati e dalla grande versatilit\u00e0. Il barbecue Broil King BARON 420 \u00e8 dotato di 4 bruciatori Dual Tube da 11.40 kw. Il bruciatore Dual Tube \u00e8 stato brevettato e studiato per permettere una distribuzione omogenea del calore. Le due fiamme infatti scaldano in maniera uniforme il bruciatore. Le quattro griglie sono in ghisa, da cm 15&#215;43, assicurano una diffusione omogenea del calore e garantiscono robustezza con un elevato spessore. Il nuovo trattamento di protezione assicura durevolezza nel tempo<br \/>\n<\/div><\/div>\n<div class=\"column one-second mobile-one\"><div class=\"mcb-column-inner\"><\/p>\n<h4>L&#8217;accensione \u00e8 elettronica.<\/h4>\n<p>L&#8217;accensione \u00e8 elettronica. Il barbecue Broil King BARON 420 \u00e8 provvisto di diffusori di calore Flav-R-Wave in acciaio inox, che permettono di vaporizzare i sughi di cottura ed evitare inutili fiammate. La camera di combustione \u00e8 in acciaio smaltato e regala una cottura perfetta e omogenea. Cappa smaltata nera con termometro per il controllo della temperatura. Regolatore di pressione 28\/30 mmbar incluso. La griglia scaldavivande ti aiuter\u00e0 a mantenere caldi i cibi cucinati. Mobile di sostegno con antine frontali in acciaio nero e 2 ripiani entrambi pieghevoli. Dotato di ruote regolabili con piedini per assicurare la stabilit\u00e0. Possibilit\u00e0 di averlo con kit per gas metano, reso disponibile dalla casa madre, che permette cos\u00ec di mantenere la garanzia. Broil King offre una garanzia a vita sulla fusione, 10 anni sui bruciatori, 2 anni su parti e verniciatura. <\/div><\/div>\n<\/p>\n","protected":false},"excerpt":{"rendered":"<p>Il barbecue Baron 420 \u00e8 composto da 4 bruciatori. Le griglie sono in ghisa porcellanata ed entrambi i ripiani sono pieghevoli.<\/p>\n","protected":false},"featured_media":614,"comment_status":"open","ping_status":"closed","template":"","meta":[],"product_brand":[],"product_cat":[17],"product_tag":[27,26],"class_list":{"0":"post-617","1":"product","2":"type-product","3":"status-publish","4":"has-post-thumbnail","6":"product_cat-barbecue-a-gas","7":"product_tag-barbecue","8":"product_tag-barbecue-a-gas","10":"first","11":"instock","12":"shipping-taxable","13":"product-type-simple"},"yoast_head":"<!-- This site is optimized with the Yoast SEO plugin v27.2 - https:\/\/yoast.com\/product\/yoast-seo-wordpress\/ -->\n<title>Baron 420 nero - Barbecue a gas, carbone, portatili, da incasso, a pellet MABA mabasnc.itw<\/title>\n<meta name=\"description\" content=\"Il barbecue a gas dai grandi spazi, dotato di 6 bruciatori Dual Tube da 18.00 kw, fornello laterale da 2.70 kw, posteriore da 4.40 kw.\" \/>\n<meta name=\"robots\" content=\"index, follow, max-snippet:-1, max-image-preview:large, max-video-preview:-1\" \/>\n<link rel=\"canonical\" href=\"https:\/\/mabasnc.it\/index.php\/prodotto\/baron-420-nero\/\" \/>\n<meta property=\"og:locale\" content=\"it_IT\" \/>\n<meta property=\"og:type\" content=\"article\" \/>\n<meta property=\"og:title\" content=\"Baron 420 nero - Barbecue a gas, carbone, portatili, da incasso, a pellet MABA mabasnc.itw\" \/>\n<meta property=\"og:description\" content=\"Il barbecue a gas dai grandi spazi, dotato di 6 bruciatori Dual Tube da 18.00 kw, fornello laterale da 2.70 kw, posteriore da 4.40 kw.\" \/>\n<meta property=\"og:url\" content=\"https:\/\/mabasnc.it\/index.php\/prodotto\/baron-420-nero\/\" \/>\n<meta property=\"og:site_name\" content=\"Barbecue a gas, carbone, portatili, da incasso, a pellet MABA mabasnc.itw\" \/>\n<meta property=\"article:modified_time\" content=\"2021-12-21T10:32:15+00:00\" \/>\n<meta property=\"og:image\" content=\"https:\/\/mabasnc.it\/wp-content\/uploads\/2021\/12\/baron-420.jpg\" \/>\n\t<meta property=\"og:image:width\" content=\"600\" \/>\n\t<meta property=\"og:image:height\" content=\"600\" \/>\n\t<meta property=\"og:image:type\" content=\"image\/jpeg\" \/>\n<meta name=\"twitter:card\" content=\"summary_large_image\" \/>\n<meta name=\"twitter:label1\" content=\"Tempo di lettura stimato\" \/>\n\t<meta name=\"twitter:data1\" content=\"1 minuto\" \/>\n<script type=\"application\/ld+json\" class=\"yoast-schema-graph\">{\"@context\":\"https:\/\/schema.org\",\"@graph\":[{\"@type\":\"WebPage\",\"@id\":\"https:\/\/mabasnc.it\/index.php\/prodotto\/baron-420-nero\/\",\"url\":\"https:\/\/mabasnc.it\/index.php\/prodotto\/baron-420-nero\/\",\"name\":\"Baron 420 nero - Barbecue a gas, carbone, portatili, da incasso, a pellet MABA mabasnc.itw\",\"isPartOf\":{\"@id\":\"https:\/\/mabasnc.it\/#website\"},\"primaryImageOfPage\":{\"@id\":\"https:\/\/mabasnc.it\/index.php\/prodotto\/baron-420-nero\/#primaryimage\"},\"image\":{\"@id\":\"https:\/\/mabasnc.it\/index.php\/prodotto\/baron-420-nero\/#primaryimage\"},\"thumbnailUrl\":\"https:\/\/mabasnc.it\/wp-content\/uploads\/2021\/12\/baron-420.jpg\",\"datePublished\":\"2021-12-21T10:30:26+00:00\",\"dateModified\":\"2021-12-21T10:32:15+00:00\",\"description\":\"Il barbecue a gas dai grandi spazi, dotato di 6 bruciatori Dual Tube da 18.00 kw, fornello laterale da 2.70 kw, posteriore da 4.40 kw.\",\"breadcrumb\":{\"@id\":\"https:\/\/mabasnc.it\/index.php\/prodotto\/baron-420-nero\/#breadcrumb\"},\"inLanguage\":\"it-IT\",\"potentialAction\":[{\"@type\":\"ReadAction\",\"target\":[\"https:\/\/mabasnc.it\/index.php\/prodotto\/baron-420-nero\/\"]}]},{\"@type\":\"ImageObject\",\"inLanguage\":\"it-IT\",\"@id\":\"https:\/\/mabasnc.it\/index.php\/prodotto\/baron-420-nero\/#primaryimage\",\"url\":\"https:\/\/mabasnc.it\/wp-content\/uploads\/2021\/12\/baron-420.jpg\",\"contentUrl\":\"https:\/\/mabasnc.it\/wp-content\/uploads\/2021\/12\/baron-420.jpg\",\"width\":600,\"height\":600,\"caption\":\"barbecue settimo torinese MABA snc\"},{\"@type\":\"BreadcrumbList\",\"@id\":\"https:\/\/mabasnc.it\/index.php\/prodotto\/baron-420-nero\/#breadcrumb\",\"itemListElement\":[{\"@type\":\"ListItem\",\"position\":1,\"name\":\"Home\",\"item\":\"https:\/\/mabasnc.it\/\"},{\"@type\":\"ListItem\",\"position\":2,\"name\":\"CATALOGO PRODOTTI\",\"item\":\"https:\/\/mabasnc.it\/index.php\/catalogo-prodotti\/\"},{\"@type\":\"ListItem\",\"position\":3,\"name\":\"Baron 420 nero\"}]},{\"@type\":\"WebSite\",\"@id\":\"https:\/\/mabasnc.it\/#website\",\"url\":\"https:\/\/mabasnc.it\/\",\"name\":\"Barbecue a gas, carbone, portatili, da incasso, a pellet MABA mabasnc.itw\",\"description\":\"Maba Settimo torinese ti offre un\u2019ampia gamma di barbecue a gas, carbone a legna\",\"potentialAction\":[{\"@type\":\"SearchAction\",\"target\":{\"@type\":\"EntryPoint\",\"urlTemplate\":\"https:\/\/mabasnc.it\/?s={search_term_string}\"},\"query-input\":{\"@type\":\"PropertyValueSpecification\",\"valueRequired\":true,\"valueName\":\"search_term_string\"}}],\"inLanguage\":\"it-IT\"}]}<\/script>\n<!-- \/ Yoast SEO plugin. -->","yoast_head_json":{"title":"Baron 420 nero - Barbecue a gas, carbone, portatili, da incasso, a pellet MABA mabasnc.itw","description":"Il barbecue a gas dai grandi spazi, dotato di 6 bruciatori Dual Tube da 18.00 kw, fornello laterale da 2.70 kw, posteriore da 4.40 kw.","robots":{"index":"index","follow":"follow","max-snippet":"max-snippet:-1","max-image-preview":"max-image-preview:large","max-video-preview":"max-video-preview:-1"},"canonical":"https:\/\/mabasnc.it\/index.php\/prodotto\/baron-420-nero\/","og_locale":"it_IT","og_type":"article","og_title":"Baron 420 nero - Barbecue a gas, carbone, portatili, da incasso, a pellet MABA mabasnc.itw","og_description":"Il barbecue a gas dai grandi spazi, dotato di 6 bruciatori Dual Tube da 18.00 kw, fornello laterale da 2.70 kw, posteriore da 4.40 kw.","og_url":"https:\/\/mabasnc.it\/index.php\/prodotto\/baron-420-nero\/","og_site_name":"Barbecue a gas, carbone, portatili, da incasso, a pellet MABA mabasnc.itw","article_modified_time":"2021-12-21T10:32:15+00:00","og_image":[{"width":600,"height":600,"url":"https:\/\/mabasnc.it\/wp-content\/uploads\/2021\/12\/baron-420.jpg","type":"image\/jpeg"}],"twitter_card":"summary_large_image","twitter_misc":{"Tempo di lettura stimato":"1 minuto"},"schema":{"@context":"https:\/\/schema.org","@graph":[{"@type":"WebPage","@id":"https:\/\/mabasnc.it\/index.php\/prodotto\/baron-420-nero\/","url":"https:\/\/mabasnc.it\/index.php\/prodotto\/baron-420-nero\/","name":"Baron 420 nero - Barbecue a gas, carbone, portatili, da incasso, a pellet MABA mabasnc.itw","isPartOf":{"@id":"https:\/\/mabasnc.it\/#website"},"primaryImageOfPage":{"@id":"https:\/\/mabasnc.it\/index.php\/prodotto\/baron-420-nero\/#primaryimage"},"image":{"@id":"https:\/\/mabasnc.it\/index.php\/prodotto\/baron-420-nero\/#primaryimage"},"thumbnailUrl":"https:\/\/mabasnc.it\/wp-content\/uploads\/2021\/12\/baron-420.jpg","datePublished":"2021-12-21T10:30:26+00:00","dateModified":"2021-12-21T10:32:15+00:00","description":"Il barbecue a gas dai grandi spazi, dotato di 6 bruciatori Dual Tube da 18.00 kw, fornello laterale da 2.70 kw, posteriore da 4.40 kw.","breadcrumb":{"@id":"https:\/\/mabasnc.it\/index.php\/prodotto\/baron-420-nero\/#breadcrumb"},"inLanguage":"it-IT","potentialAction":[{"@type":"ReadAction","target":["https:\/\/mabasnc.it\/index.php\/prodotto\/baron-420-nero\/"]}]},{"@type":"ImageObject","inLanguage":"it-IT","@id":"https:\/\/mabasnc.it\/index.php\/prodotto\/baron-420-nero\/#primaryimage","url":"https:\/\/mabasnc.it\/wp-content\/uploads\/2021\/12\/baron-420.jpg","contentUrl":"https:\/\/mabasnc.it\/wp-content\/uploads\/2021\/12\/baron-420.jpg","width":600,"height":600,"caption":"barbecue settimo torinese MABA snc"},{"@type":"BreadcrumbList","@id":"https:\/\/mabasnc.it\/index.php\/prodotto\/baron-420-nero\/#breadcrumb","itemListElement":[{"@type":"ListItem","position":1,"name":"Home","item":"https:\/\/mabasnc.it\/"},{"@type":"ListItem","position":2,"name":"CATALOGO PRODOTTI","item":"https:\/\/mabasnc.it\/index.php\/catalogo-prodotti\/"},{"@type":"ListItem","position":3,"name":"Baron 420 nero"}]},{"@type":"WebSite","@id":"https:\/\/mabasnc.it\/#website","url":"https:\/\/mabasnc.it\/","name":"Barbecue a gas, carbone, portatili, da incasso, a pellet MABA mabasnc.itw","description":"Maba Settimo torinese ti offre un\u2019ampia gamma di barbecue a gas, carbone a legna","potentialAction":[{"@type":"SearchAction","target":{"@type":"EntryPoint","urlTemplate":"https:\/\/mabasnc.it\/?s={search_term_string}"},"query-input":{"@type":"PropertyValueSpecification","valueRequired":true,"valueName":"search_term_string"}}],"inLanguage":"it-IT"}]}},"_links":{"self":[{"href":"https:\/\/mabasnc.it\/index.php\/wp-json\/wp\/v2\/product\/617","targetHints":{"allow":["GET"]}}],"collection":[{"href":"https:\/\/mabasnc.it\/index.php\/wp-json\/wp\/v2\/product"}],"about":[{"href":"https:\/\/mabasnc.it\/index.php\/wp-json\/wp\/v2\/types\/product"}],"replies":[{"embeddable":true,"href":"https:\/\/mabasnc.it\/index.php\/wp-json\/wp\/v2\/comments?post=617"}],"wp:featuredmedia":[{"embeddable":true,"href":"https:\/\/mabasnc.it\/index.php\/wp-json\/wp\/v2\/media\/614"}],"wp:attachment":[{"href":"https:\/\/mabasnc.it\/index.php\/wp-json\/wp\/v2\/media?parent=617"}],"wp:term":[{"taxonomy":"product_brand","embeddable":true,"href":"https:\/\/mabasnc.it\/index.php\/wp-json\/wp\/v2\/product_brand?post=617"},{"taxonomy":"product_cat","embeddable":true,"href":"https:\/\/mabasnc.it\/index.php\/wp-json\/wp\/v2\/product_cat?post=617"},{"taxonomy":"product_tag","embeddable":true,"href":"https:\/\/mabasnc.it\/index.php\/wp-json\/wp\/v2\/product_tag?post=617"}],"curies":[{"name":"wp","href":"https:\/\/api.w.org\/{rel}","templated":true}]}}