{"id":606,"date":"2021-12-21T10:15:16","date_gmt":"2021-12-21T10:15:16","guid":{"rendered":"https:\/\/mabasnc.it\/?post_type=product&#038;p=606"},"modified":"2021-12-21T10:18:16","modified_gmt":"2021-12-21T10:18:16","slug":"regal-490-nero","status":"publish","type":"product","link":"https:\/\/mabasnc.it\/index.php\/prodotto\/regal-490-nero\/","title":{"rendered":"Regal 490 nero"},"content":{"rendered":"<h4 style=\"text-align: center; margin: 30px 0;\">BROIL KING REGAL 490 NERO<\/h4>\n<p><img decoding=\"async\" class=\"size-medium wp-image-210 aligncenter lazyload\" data-src=\"https:\/\/mabasnc.it\/wp-content\/uploads\/2021\/12\/regal-490-nero.jpg\" alt=\"barbecue\" width=\"350\" height=\"245\" src=\"data:image\/svg+xml;base64,PHN2ZyB3aWR0aD0iMSIgaGVpZ2h0PSIxIiB4bWxucz0iaHR0cDovL3d3dy53My5vcmcvMjAwMC9zdmciPjwvc3ZnPg==\" style=\"--smush-placeholder-width: 350px; --smush-placeholder-aspect-ratio: 350\/245;\" \/><br \/>\n<div class=\"column one-second mobile-one\"><div class=\"mcb-column-inner\"><\/p>\n<h4>Broil King Regal 490 Nero <\/h4>\n<p>Broil King \u00e8 il marchio del Nord America che costruisce barbecue dalle alte prestazioni e dalla grande affidabilit\u00e0, prestando particolare attenzione alla qualit\u00e0 dei materiali e alla capacit\u00e0 di cottura. Produce barbecue ispirati alle cucine professionali, dai dettagli curati e dalla grande versatilit\u00e0. Il Broil King REGAL 490 nero \u00e8 il barbecue dagli ampi spazi, dotato di 4 bruciatori Dual Tube da 14.65 kw, fornello laterale da 2.70 kw, bruciatore posteriore da 4.40 kw. Il bruciatore Dual Tube \u00e8 stato brevettato e studiato per permettere una distribuzione omogenea del calore. Le due fiamme infatti scaldano in maniera uniforme il bruciatore. Il fornello laterale aggiunge 2.70 kw per garantirti grande funzionalit\u00e0 e tanto spazio per preparare i tuoi piatti. Le griglie sono in ghisa pesante, permettono una diffusione omogenea del calore e garantiscono robustezza con un elevato spessore. Il nuovo trattamento di protezione assicura durevolezza nel tempo. Sono inoltre reversibili e permettono, girandole, di conservare la marinatura durante le cotture indirette. Il barbecue \u00e8 dotato anche di bruciatore posteriore per girarrosto da 4.40 kw, che permette una cottura ottimale. Cappa in acciaio smaltata nera, con termometro per il controllo della temperatura<br \/>\n<\/div><\/div>\n<div class=\"column one-second mobile-one\"><div class=\"mcb-column-inner\"><\/p>\n<h4>L&#8217;accensione \u00e8 elettronica.<\/h4>\n<p>L&#8217;accensione \u00e8 elettronica. Il barbecue Broil King Regal 490 NERO \u00e8 provvisto di diffusori di calore Flav-R-Wave in acciaio inox, che permettono di vaporizzare i sughi di cottura ed evitare inutili fiammate. Le manopole di regolazione dei bruciatori sono illuminate a led e controllano perfettamente la temperatura grazie alla loro regolazione infinitesimale, poich\u00e9 ruotano di 180\u00b0. Regolatore di pressione 28\/30 mm bar incluso. La comoda griglia scaldavivande ti aiuter\u00e0 a mantenere caldi i cibi cucinati. La camera di cottura in acciaio inox assicura una cottura perfetta e uniforme. Il mobile di sostegno del barbecue ha le antine frontali in acciaio nero. Dotato di ruote regolabili con piedini regolabili per assicurare la stabilit\u00e0. Ha anche due pratici ripiani laterali fissi in alluminio e acciaio inox. Broil King offre una garanziaa vita sulla fusione, 10 anni di garanzia sui bruciatori e 2 anni di garanzia su parti e verniciatura. Possibilit\u00e0 di averlo con kit per gas metano, reso disponibile dalla casa madre, che permette cos\u00ec di mantenere la garanzia. <\/div><\/div>\n<\/p>\n","protected":false},"excerpt":{"rendered":"<p>Barbecue a gas Broil King targato REGAL, anch&#8217;esso si distingue per le alte prestazioni a dimensioni contenute. Interamente prodotto nello stabilimento ad Huntington nello stato americano dell&#8217;Indiana. Il Regal 490 offre le stesse caratteristiche del Regal 490 Pro, le uniche differenze sono nelle griglie in ghisa reversibili e nella smaltatura porcellanata in colore nero ad alta resistenza.<\/p>\n","protected":false},"featured_media":608,"comment_status":"open","ping_status":"closed","template":"","meta":[],"product_brand":[],"product_cat":[17],"product_tag":[27,26],"class_list":{"0":"post-606","1":"product","2":"type-product","3":"status-publish","4":"has-post-thumbnail","6":"product_cat-barbecue-a-gas","7":"product_tag-barbecue","8":"product_tag-barbecue-a-gas","10":"first","11":"instock","12":"shipping-taxable","13":"product-type-simple"},"yoast_head":"<!-- This site is optimized with the Yoast SEO plugin v27.2 - https:\/\/yoast.com\/product\/yoast-seo-wordpress\/ -->\n<title>Regal 490 nero - Barbecue a gas, carbone, portatili, da incasso, a pellet MABA mabasnc.itw<\/title>\n<meta name=\"description\" content=\"Il barbecue a gas dai grandi spazi, dotato di 6 bruciatori Dual Tube da 18.00 kw, fornello laterale da 2.70 kw, posteriore da 4.40 kw.\" \/>\n<meta name=\"robots\" content=\"index, follow, max-snippet:-1, max-image-preview:large, max-video-preview:-1\" \/>\n<link rel=\"canonical\" href=\"https:\/\/mabasnc.it\/index.php\/prodotto\/regal-490-nero\/\" \/>\n<meta property=\"og:locale\" content=\"it_IT\" \/>\n<meta property=\"og:type\" content=\"article\" \/>\n<meta property=\"og:title\" content=\"Regal 490 nero - Barbecue a gas, carbone, portatili, da incasso, a pellet MABA mabasnc.itw\" \/>\n<meta property=\"og:description\" content=\"Il barbecue a gas dai grandi spazi, dotato di 6 bruciatori Dual Tube da 18.00 kw, fornello laterale da 2.70 kw, posteriore da 4.40 kw.\" \/>\n<meta property=\"og:url\" content=\"https:\/\/mabasnc.it\/index.php\/prodotto\/regal-490-nero\/\" \/>\n<meta property=\"og:site_name\" content=\"Barbecue a gas, carbone, portatili, da incasso, a pellet MABA mabasnc.itw\" \/>\n<meta property=\"article:modified_time\" content=\"2021-12-21T10:18:16+00:00\" \/>\n<meta property=\"og:image\" content=\"https:\/\/mabasnc.it\/wp-content\/uploads\/2021\/12\/regal-490-nero.jpg\" \/>\n\t<meta property=\"og:image:width\" content=\"600\" \/>\n\t<meta property=\"og:image:height\" content=\"600\" \/>\n\t<meta property=\"og:image:type\" content=\"image\/jpeg\" \/>\n<meta name=\"twitter:card\" content=\"summary_large_image\" \/>\n<meta name=\"twitter:label1\" content=\"Tempo di lettura stimato\" \/>\n\t<meta name=\"twitter:data1\" content=\"2 minuti\" \/>\n<script type=\"application\/ld+json\" class=\"yoast-schema-graph\">{\"@context\":\"https:\/\/schema.org\",\"@graph\":[{\"@type\":\"WebPage\",\"@id\":\"https:\/\/mabasnc.it\/index.php\/prodotto\/regal-490-nero\/\",\"url\":\"https:\/\/mabasnc.it\/index.php\/prodotto\/regal-490-nero\/\",\"name\":\"Regal 490 nero - Barbecue a gas, carbone, portatili, da incasso, a pellet MABA mabasnc.itw\",\"isPartOf\":{\"@id\":\"https:\/\/mabasnc.it\/#website\"},\"primaryImageOfPage\":{\"@id\":\"https:\/\/mabasnc.it\/index.php\/prodotto\/regal-490-nero\/#primaryimage\"},\"image\":{\"@id\":\"https:\/\/mabasnc.it\/index.php\/prodotto\/regal-490-nero\/#primaryimage\"},\"thumbnailUrl\":\"https:\/\/mabasnc.it\/wp-content\/uploads\/2021\/12\/regal-490-nero.jpg\",\"datePublished\":\"2021-12-21T10:15:16+00:00\",\"dateModified\":\"2021-12-21T10:18:16+00:00\",\"description\":\"Il barbecue a gas dai grandi spazi, dotato di 6 bruciatori Dual Tube da 18.00 kw, fornello laterale da 2.70 kw, posteriore da 4.40 kw.\",\"breadcrumb\":{\"@id\":\"https:\/\/mabasnc.it\/index.php\/prodotto\/regal-490-nero\/#breadcrumb\"},\"inLanguage\":\"it-IT\",\"potentialAction\":[{\"@type\":\"ReadAction\",\"target\":[\"https:\/\/mabasnc.it\/index.php\/prodotto\/regal-490-nero\/\"]}]},{\"@type\":\"ImageObject\",\"inLanguage\":\"it-IT\",\"@id\":\"https:\/\/mabasnc.it\/index.php\/prodotto\/regal-490-nero\/#primaryimage\",\"url\":\"https:\/\/mabasnc.it\/wp-content\/uploads\/2021\/12\/regal-490-nero.jpg\",\"contentUrl\":\"https:\/\/mabasnc.it\/wp-content\/uploads\/2021\/12\/regal-490-nero.jpg\",\"width\":600,\"height\":600,\"caption\":\"barbecue broil king\"},{\"@type\":\"BreadcrumbList\",\"@id\":\"https:\/\/mabasnc.it\/index.php\/prodotto\/regal-490-nero\/#breadcrumb\",\"itemListElement\":[{\"@type\":\"ListItem\",\"position\":1,\"name\":\"Home\",\"item\":\"https:\/\/mabasnc.it\/\"},{\"@type\":\"ListItem\",\"position\":2,\"name\":\"CATALOGO PRODOTTI\",\"item\":\"https:\/\/mabasnc.it\/index.php\/catalogo-prodotti\/\"},{\"@type\":\"ListItem\",\"position\":3,\"name\":\"Regal 490 nero\"}]},{\"@type\":\"WebSite\",\"@id\":\"https:\/\/mabasnc.it\/#website\",\"url\":\"https:\/\/mabasnc.it\/\",\"name\":\"Barbecue a gas, carbone, portatili, da incasso, a pellet MABA mabasnc.itw\",\"description\":\"Maba Settimo torinese ti offre un\u2019ampia gamma di barbecue a gas, carbone a legna\",\"potentialAction\":[{\"@type\":\"SearchAction\",\"target\":{\"@type\":\"EntryPoint\",\"urlTemplate\":\"https:\/\/mabasnc.it\/?s={search_term_string}\"},\"query-input\":{\"@type\":\"PropertyValueSpecification\",\"valueRequired\":true,\"valueName\":\"search_term_string\"}}],\"inLanguage\":\"it-IT\"}]}<\/script>\n<!-- \/ Yoast SEO plugin. -->","yoast_head_json":{"title":"Regal 490 nero - Barbecue a gas, carbone, portatili, da incasso, a pellet MABA mabasnc.itw","description":"Il barbecue a gas dai grandi spazi, dotato di 6 bruciatori Dual Tube da 18.00 kw, fornello laterale da 2.70 kw, posteriore da 4.40 kw.","robots":{"index":"index","follow":"follow","max-snippet":"max-snippet:-1","max-image-preview":"max-image-preview:large","max-video-preview":"max-video-preview:-1"},"canonical":"https:\/\/mabasnc.it\/index.php\/prodotto\/regal-490-nero\/","og_locale":"it_IT","og_type":"article","og_title":"Regal 490 nero - Barbecue a gas, carbone, portatili, da incasso, a pellet MABA mabasnc.itw","og_description":"Il barbecue a gas dai grandi spazi, dotato di 6 bruciatori Dual Tube da 18.00 kw, fornello laterale da 2.70 kw, posteriore da 4.40 kw.","og_url":"https:\/\/mabasnc.it\/index.php\/prodotto\/regal-490-nero\/","og_site_name":"Barbecue a gas, carbone, portatili, da incasso, a pellet MABA mabasnc.itw","article_modified_time":"2021-12-21T10:18:16+00:00","og_image":[{"width":600,"height":600,"url":"https:\/\/mabasnc.it\/wp-content\/uploads\/2021\/12\/regal-490-nero.jpg","type":"image\/jpeg"}],"twitter_card":"summary_large_image","twitter_misc":{"Tempo di lettura stimato":"2 minuti"},"schema":{"@context":"https:\/\/schema.org","@graph":[{"@type":"WebPage","@id":"https:\/\/mabasnc.it\/index.php\/prodotto\/regal-490-nero\/","url":"https:\/\/mabasnc.it\/index.php\/prodotto\/regal-490-nero\/","name":"Regal 490 nero - Barbecue a gas, carbone, portatili, da incasso, a pellet MABA mabasnc.itw","isPartOf":{"@id":"https:\/\/mabasnc.it\/#website"},"primaryImageOfPage":{"@id":"https:\/\/mabasnc.it\/index.php\/prodotto\/regal-490-nero\/#primaryimage"},"image":{"@id":"https:\/\/mabasnc.it\/index.php\/prodotto\/regal-490-nero\/#primaryimage"},"thumbnailUrl":"https:\/\/mabasnc.it\/wp-content\/uploads\/2021\/12\/regal-490-nero.jpg","datePublished":"2021-12-21T10:15:16+00:00","dateModified":"2021-12-21T10:18:16+00:00","description":"Il barbecue a gas dai grandi spazi, dotato di 6 bruciatori Dual Tube da 18.00 kw, fornello laterale da 2.70 kw, posteriore da 4.40 kw.","breadcrumb":{"@id":"https:\/\/mabasnc.it\/index.php\/prodotto\/regal-490-nero\/#breadcrumb"},"inLanguage":"it-IT","potentialAction":[{"@type":"ReadAction","target":["https:\/\/mabasnc.it\/index.php\/prodotto\/regal-490-nero\/"]}]},{"@type":"ImageObject","inLanguage":"it-IT","@id":"https:\/\/mabasnc.it\/index.php\/prodotto\/regal-490-nero\/#primaryimage","url":"https:\/\/mabasnc.it\/wp-content\/uploads\/2021\/12\/regal-490-nero.jpg","contentUrl":"https:\/\/mabasnc.it\/wp-content\/uploads\/2021\/12\/regal-490-nero.jpg","width":600,"height":600,"caption":"barbecue broil king"},{"@type":"BreadcrumbList","@id":"https:\/\/mabasnc.it\/index.php\/prodotto\/regal-490-nero\/#breadcrumb","itemListElement":[{"@type":"ListItem","position":1,"name":"Home","item":"https:\/\/mabasnc.it\/"},{"@type":"ListItem","position":2,"name":"CATALOGO PRODOTTI","item":"https:\/\/mabasnc.it\/index.php\/catalogo-prodotti\/"},{"@type":"ListItem","position":3,"name":"Regal 490 nero"}]},{"@type":"WebSite","@id":"https:\/\/mabasnc.it\/#website","url":"https:\/\/mabasnc.it\/","name":"Barbecue a gas, carbone, portatili, da incasso, a pellet MABA mabasnc.itw","description":"Maba Settimo torinese ti offre un\u2019ampia gamma di barbecue a gas, carbone a legna","potentialAction":[{"@type":"SearchAction","target":{"@type":"EntryPoint","urlTemplate":"https:\/\/mabasnc.it\/?s={search_term_string}"},"query-input":{"@type":"PropertyValueSpecification","valueRequired":true,"valueName":"search_term_string"}}],"inLanguage":"it-IT"}]}},"_links":{"self":[{"href":"https:\/\/mabasnc.it\/index.php\/wp-json\/wp\/v2\/product\/606","targetHints":{"allow":["GET"]}}],"collection":[{"href":"https:\/\/mabasnc.it\/index.php\/wp-json\/wp\/v2\/product"}],"about":[{"href":"https:\/\/mabasnc.it\/index.php\/wp-json\/wp\/v2\/types\/product"}],"replies":[{"embeddable":true,"href":"https:\/\/mabasnc.it\/index.php\/wp-json\/wp\/v2\/comments?post=606"}],"wp:featuredmedia":[{"embeddable":true,"href":"https:\/\/mabasnc.it\/index.php\/wp-json\/wp\/v2\/media\/608"}],"wp:attachment":[{"href":"https:\/\/mabasnc.it\/index.php\/wp-json\/wp\/v2\/media?parent=606"}],"wp:term":[{"taxonomy":"product_brand","embeddable":true,"href":"https:\/\/mabasnc.it\/index.php\/wp-json\/wp\/v2\/product_brand?post=606"},{"taxonomy":"product_cat","embeddable":true,"href":"https:\/\/mabasnc.it\/index.php\/wp-json\/wp\/v2\/product_cat?post=606"},{"taxonomy":"product_tag","embeddable":true,"href":"https:\/\/mabasnc.it\/index.php\/wp-json\/wp\/v2\/product_tag?post=606"}],"curies":[{"name":"wp","href":"https:\/\/api.w.org\/{rel}","templated":true}]}}