{"id":381,"date":"2021-12-09T16:38:10","date_gmt":"2021-12-09T16:38:10","guid":{"rendered":"https:\/\/mabasnc.it\/?post_type=product&#038;p=381"},"modified":"2021-12-09T16:39:55","modified_gmt":"2021-12-09T16:39:55","slug":"affumicatore-offset-650","status":"publish","type":"product","link":"https:\/\/mabasnc.it\/index.php\/prodotto\/affumicatore-offset-650\/","title":{"rendered":"Affumicatore offset 650"},"content":{"rendered":"<h4 style=\"text-align: center; margin: 30px 0;\">AFFUMICATORE OFFSET 650<\/h4>\n<p><img decoding=\"async\" class=\"size-medium wp-image-210 aligncenter lazyload\" data-src=\"https:\/\/mabasnc.it\/wp-content\/uploads\/2021\/12\/offset-625.jpg\" alt=\"home_biker_product_details1\" width=\"350\" height=\"245\" src=\"data:image\/svg+xml;base64,PHN2ZyB3aWR0aD0iMSIgaGVpZ2h0PSIxIiB4bWxucz0iaHR0cDovL3d3dy53My5vcmcvMjAwMC9zdmciPjwvc3ZnPg==\" style=\"--smush-placeholder-width: 350px; --smush-placeholder-aspect-ratio: 350\/245;\" \/><br \/>\n<div class=\"column one-second mobile-one\"><div class=\"mcb-column-inner\"><\/p>\n<h4>AFFUMICATORE OFFSET 650<\/h4>\n<p>Versatile e di qualit\u00e0, l&#8217;Offset della Broil King pu\u00f2 essere utilizzato sia come: &#8211; smoker, accendi la carbonella nella camera laterale, aggiungi quindi i legnetti per affumicare e posizioni carni, pesci o altero nella camera di cottura centrale. &#8211; barbecue, per cottura diretta o indiretta. Piccolo se utilizzi solo la camera laterale, grande se utilizzi la parte centrale, molto grande se le utilizzi entrambe. Struttura in acciaio, dallo spessore di 2 mm, e verniciatura epossidica ad alta temperatura. Ripiano frontale asportabile. Porte con maniglie in acciaio.<br \/>\n<\/div><\/div>\n<div class=\"column one-second mobile-one\"><div class=\"mcb-column-inner\"><\/p>\n<h4>Come \u00e8 fatto:<\/h4>\n<p>Griglie di cottura in ghisa trattata, griglie porta carbone e vassoi raccogli cenere in acciaio inox. Termometro per il controllo della temperatura. Ghiere per la regolazione del tiraggio. Ruote di grandi dimensioni che permettono stabilit\u00e0 e facilit\u00e0 di spostamento, anche sfruttando la robusta maniglia presente sul fianco sinistro. Apribottiglie incorporato. Broil King offre 5 anni di garanzia sul braciere e 2 anni sulla verniciatura ed altri parti. <\/div><\/div>\n<\/p>\n","protected":false},"excerpt":{"rendered":"<p>Affumicatore e barbecue orizzontale a carbone o legna della Broil King \u00e8 una garanzia di qualit\u00e0. Presenta una struttura in acciaio a doppia parete realizzati con materiali di prima qualit\u00e0. Riesce a mantenere temperature costanti e tempi di cottura prolungati, caratteristica principale nella tecnica dell\u2019affumicatura. Ripiani e accessori interni in acciaio inox.<\/p>\n","protected":false},"featured_media":380,"comment_status":"closed","ping_status":"closed","template":"","meta":[],"product_brand":[],"product_cat":[22],"product_tag":[36,38,37,39,28],"class_list":{"0":"post-381","1":"product","2":"type-product","3":"status-publish","4":"has-post-thumbnail","6":"product_cat-affumicatori","7":"product_tag-affumicatore","8":"product_tag-affumicatore-a-carbone","9":"product_tag-affumicatore-a-gas","10":"product_tag-affumicatore-a-legna","11":"product_tag-broil-king","13":"first","14":"instock","15":"shipping-taxable","16":"product-type-simple"},"yoast_head":"<!-- This site is optimized with the Yoast SEO plugin v27.2 - https:\/\/yoast.com\/product\/yoast-seo-wordpress\/ -->\n<title>Affumicatore offset 650 - Barbecue a gas, carbone, portatili, da incasso, a pellet MABA mabasnc.itw<\/title>\n<meta name=\"description\" content=\"Affumicatore e barbecue orizzontale a carbone o legna Broil king struttura in acciaio, spessore di 2 mm, verniciatura ad alta temperatura\" \/>\n<meta name=\"robots\" content=\"index, follow, max-snippet:-1, max-image-preview:large, max-video-preview:-1\" \/>\n<link rel=\"canonical\" href=\"https:\/\/mabasnc.it\/index.php\/prodotto\/affumicatore-offset-650\/\" \/>\n<meta property=\"og:locale\" content=\"it_IT\" \/>\n<meta property=\"og:type\" content=\"article\" \/>\n<meta property=\"og:title\" content=\"Affumicatore offset 650 - Barbecue a gas, carbone, portatili, da incasso, a pellet MABA mabasnc.itw\" \/>\n<meta property=\"og:description\" content=\"Affumicatore e barbecue orizzontale a carbone o legna Broil king struttura in acciaio, spessore di 2 mm, verniciatura ad alta temperatura\" \/>\n<meta property=\"og:url\" content=\"https:\/\/mabasnc.it\/index.php\/prodotto\/affumicatore-offset-650\/\" \/>\n<meta property=\"og:site_name\" content=\"Barbecue a gas, carbone, portatili, da incasso, a pellet MABA mabasnc.itw\" \/>\n<meta property=\"article:modified_time\" content=\"2021-12-09T16:39:55+00:00\" \/>\n<meta property=\"og:image\" content=\"https:\/\/mabasnc.it\/wp-content\/uploads\/2021\/12\/offset-625.jpg\" \/>\n\t<meta property=\"og:image:width\" content=\"600\" \/>\n\t<meta property=\"og:image:height\" content=\"600\" \/>\n\t<meta property=\"og:image:type\" content=\"image\/jpeg\" \/>\n<meta name=\"twitter:card\" content=\"summary_large_image\" \/>\n<meta name=\"twitter:label1\" content=\"Tempo di lettura stimato\" \/>\n\t<meta name=\"twitter:data1\" content=\"1 minuto\" \/>\n<script type=\"application\/ld+json\" class=\"yoast-schema-graph\">{\"@context\":\"https:\/\/schema.org\",\"@graph\":[{\"@type\":\"WebPage\",\"@id\":\"https:\/\/mabasnc.it\/index.php\/prodotto\/affumicatore-offset-650\/\",\"url\":\"https:\/\/mabasnc.it\/index.php\/prodotto\/affumicatore-offset-650\/\",\"name\":\"Affumicatore offset 650 - Barbecue a gas, carbone, portatili, da incasso, a pellet MABA mabasnc.itw\",\"isPartOf\":{\"@id\":\"https:\/\/mabasnc.it\/#website\"},\"primaryImageOfPage\":{\"@id\":\"https:\/\/mabasnc.it\/index.php\/prodotto\/affumicatore-offset-650\/#primaryimage\"},\"image\":{\"@id\":\"https:\/\/mabasnc.it\/index.php\/prodotto\/affumicatore-offset-650\/#primaryimage\"},\"thumbnailUrl\":\"https:\/\/mabasnc.it\/wp-content\/uploads\/2021\/12\/offset-625.jpg\",\"datePublished\":\"2021-12-09T16:38:10+00:00\",\"dateModified\":\"2021-12-09T16:39:55+00:00\",\"description\":\"Affumicatore e barbecue orizzontale a carbone o legna Broil king struttura in acciaio, spessore di 2 mm, verniciatura ad alta temperatura\",\"breadcrumb\":{\"@id\":\"https:\/\/mabasnc.it\/index.php\/prodotto\/affumicatore-offset-650\/#breadcrumb\"},\"inLanguage\":\"it-IT\",\"potentialAction\":[{\"@type\":\"ReadAction\",\"target\":[\"https:\/\/mabasnc.it\/index.php\/prodotto\/affumicatore-offset-650\/\"]}]},{\"@type\":\"ImageObject\",\"inLanguage\":\"it-IT\",\"@id\":\"https:\/\/mabasnc.it\/index.php\/prodotto\/affumicatore-offset-650\/#primaryimage\",\"url\":\"https:\/\/mabasnc.it\/wp-content\/uploads\/2021\/12\/offset-625.jpg\",\"contentUrl\":\"https:\/\/mabasnc.it\/wp-content\/uploads\/2021\/12\/offset-625.jpg\",\"width\":600,\"height\":600,\"caption\":\"affumicatore a legna\"},{\"@type\":\"BreadcrumbList\",\"@id\":\"https:\/\/mabasnc.it\/index.php\/prodotto\/affumicatore-offset-650\/#breadcrumb\",\"itemListElement\":[{\"@type\":\"ListItem\",\"position\":1,\"name\":\"Home\",\"item\":\"https:\/\/mabasnc.it\/\"},{\"@type\":\"ListItem\",\"position\":2,\"name\":\"CATALOGO PRODOTTI\",\"item\":\"https:\/\/mabasnc.it\/index.php\/catalogo-prodotti\/\"},{\"@type\":\"ListItem\",\"position\":3,\"name\":\"Affumicatore offset 650\"}]},{\"@type\":\"WebSite\",\"@id\":\"https:\/\/mabasnc.it\/#website\",\"url\":\"https:\/\/mabasnc.it\/\",\"name\":\"Barbecue a gas, carbone, portatili, da incasso, a pellet MABA mabasnc.itw\",\"description\":\"Maba Settimo torinese ti offre un\u2019ampia gamma di barbecue a gas, carbone a legna\",\"potentialAction\":[{\"@type\":\"SearchAction\",\"target\":{\"@type\":\"EntryPoint\",\"urlTemplate\":\"https:\/\/mabasnc.it\/?s={search_term_string}\"},\"query-input\":{\"@type\":\"PropertyValueSpecification\",\"valueRequired\":true,\"valueName\":\"search_term_string\"}}],\"inLanguage\":\"it-IT\"}]}<\/script>\n<!-- \/ Yoast SEO plugin. -->","yoast_head_json":{"title":"Affumicatore offset 650 - Barbecue a gas, carbone, portatili, da incasso, a pellet MABA mabasnc.itw","description":"Affumicatore e barbecue orizzontale a carbone o legna Broil king struttura in acciaio, spessore di 2 mm, verniciatura ad alta temperatura","robots":{"index":"index","follow":"follow","max-snippet":"max-snippet:-1","max-image-preview":"max-image-preview:large","max-video-preview":"max-video-preview:-1"},"canonical":"https:\/\/mabasnc.it\/index.php\/prodotto\/affumicatore-offset-650\/","og_locale":"it_IT","og_type":"article","og_title":"Affumicatore offset 650 - Barbecue a gas, carbone, portatili, da incasso, a pellet MABA mabasnc.itw","og_description":"Affumicatore e barbecue orizzontale a carbone o legna Broil king struttura in acciaio, spessore di 2 mm, verniciatura ad alta temperatura","og_url":"https:\/\/mabasnc.it\/index.php\/prodotto\/affumicatore-offset-650\/","og_site_name":"Barbecue a gas, carbone, portatili, da incasso, a pellet MABA mabasnc.itw","article_modified_time":"2021-12-09T16:39:55+00:00","og_image":[{"width":600,"height":600,"url":"https:\/\/mabasnc.it\/wp-content\/uploads\/2021\/12\/offset-625.jpg","type":"image\/jpeg"}],"twitter_card":"summary_large_image","twitter_misc":{"Tempo di lettura stimato":"1 minuto"},"schema":{"@context":"https:\/\/schema.org","@graph":[{"@type":"WebPage","@id":"https:\/\/mabasnc.it\/index.php\/prodotto\/affumicatore-offset-650\/","url":"https:\/\/mabasnc.it\/index.php\/prodotto\/affumicatore-offset-650\/","name":"Affumicatore offset 650 - Barbecue a gas, carbone, portatili, da incasso, a pellet MABA mabasnc.itw","isPartOf":{"@id":"https:\/\/mabasnc.it\/#website"},"primaryImageOfPage":{"@id":"https:\/\/mabasnc.it\/index.php\/prodotto\/affumicatore-offset-650\/#primaryimage"},"image":{"@id":"https:\/\/mabasnc.it\/index.php\/prodotto\/affumicatore-offset-650\/#primaryimage"},"thumbnailUrl":"https:\/\/mabasnc.it\/wp-content\/uploads\/2021\/12\/offset-625.jpg","datePublished":"2021-12-09T16:38:10+00:00","dateModified":"2021-12-09T16:39:55+00:00","description":"Affumicatore e barbecue orizzontale a carbone o legna Broil king struttura in acciaio, spessore di 2 mm, verniciatura ad alta temperatura","breadcrumb":{"@id":"https:\/\/mabasnc.it\/index.php\/prodotto\/affumicatore-offset-650\/#breadcrumb"},"inLanguage":"it-IT","potentialAction":[{"@type":"ReadAction","target":["https:\/\/mabasnc.it\/index.php\/prodotto\/affumicatore-offset-650\/"]}]},{"@type":"ImageObject","inLanguage":"it-IT","@id":"https:\/\/mabasnc.it\/index.php\/prodotto\/affumicatore-offset-650\/#primaryimage","url":"https:\/\/mabasnc.it\/wp-content\/uploads\/2021\/12\/offset-625.jpg","contentUrl":"https:\/\/mabasnc.it\/wp-content\/uploads\/2021\/12\/offset-625.jpg","width":600,"height":600,"caption":"affumicatore a legna"},{"@type":"BreadcrumbList","@id":"https:\/\/mabasnc.it\/index.php\/prodotto\/affumicatore-offset-650\/#breadcrumb","itemListElement":[{"@type":"ListItem","position":1,"name":"Home","item":"https:\/\/mabasnc.it\/"},{"@type":"ListItem","position":2,"name":"CATALOGO PRODOTTI","item":"https:\/\/mabasnc.it\/index.php\/catalogo-prodotti\/"},{"@type":"ListItem","position":3,"name":"Affumicatore offset 650"}]},{"@type":"WebSite","@id":"https:\/\/mabasnc.it\/#website","url":"https:\/\/mabasnc.it\/","name":"Barbecue a gas, carbone, portatili, da incasso, a pellet MABA mabasnc.itw","description":"Maba Settimo torinese ti offre un\u2019ampia gamma di barbecue a gas, carbone a legna","potentialAction":[{"@type":"SearchAction","target":{"@type":"EntryPoint","urlTemplate":"https:\/\/mabasnc.it\/?s={search_term_string}"},"query-input":{"@type":"PropertyValueSpecification","valueRequired":true,"valueName":"search_term_string"}}],"inLanguage":"it-IT"}]}},"_links":{"self":[{"href":"https:\/\/mabasnc.it\/index.php\/wp-json\/wp\/v2\/product\/381","targetHints":{"allow":["GET"]}}],"collection":[{"href":"https:\/\/mabasnc.it\/index.php\/wp-json\/wp\/v2\/product"}],"about":[{"href":"https:\/\/mabasnc.it\/index.php\/wp-json\/wp\/v2\/types\/product"}],"replies":[{"embeddable":true,"href":"https:\/\/mabasnc.it\/index.php\/wp-json\/wp\/v2\/comments?post=381"}],"wp:featuredmedia":[{"embeddable":true,"href":"https:\/\/mabasnc.it\/index.php\/wp-json\/wp\/v2\/media\/380"}],"wp:attachment":[{"href":"https:\/\/mabasnc.it\/index.php\/wp-json\/wp\/v2\/media?parent=381"}],"wp:term":[{"taxonomy":"product_brand","embeddable":true,"href":"https:\/\/mabasnc.it\/index.php\/wp-json\/wp\/v2\/product_brand?post=381"},{"taxonomy":"product_cat","embeddable":true,"href":"https:\/\/mabasnc.it\/index.php\/wp-json\/wp\/v2\/product_cat?post=381"},{"taxonomy":"product_tag","embeddable":true,"href":"https:\/\/mabasnc.it\/index.php\/wp-json\/wp\/v2\/product_tag?post=381"}],"curies":[{"name":"wp","href":"https:\/\/api.w.org\/{rel}","templated":true}]}}