{"id":376,"date":"2021-12-09T16:22:16","date_gmt":"2021-12-09T16:22:16","guid":{"rendered":"https:\/\/mabasnc.it\/?post_type=product&#038;p=376"},"modified":"2021-12-09T16:30:24","modified_gmt":"2021-12-09T16:30:24","slug":"affumicatore-verticale-a-gas","status":"publish","type":"product","link":"https:\/\/mabasnc.it\/index.php\/prodotto\/affumicatore-verticale-a-gas\/","title":{"rendered":"Affumicatore verticale a gas"},"content":{"rendered":"<h4 style=\"text-align: center; margin: 30px 0;\">AFFUMICATORE VERTICALE A GAS<\/h4>\n<p><img decoding=\"async\" class=\"size-medium wp-image-210 aligncenter lazyload\" data-src=\"https:\/\/mabasnc.it\/wp-content\/uploads\/2021\/12\/affumicatore-verticale-a-gas.jpg\" alt=\"home_biker_product_details1\" width=\"350\" height=\"245\" src=\"data:image\/svg+xml;base64,PHN2ZyB3aWR0aD0iMSIgaGVpZ2h0PSIxIiB4bWxucz0iaHR0cDovL3d3dy53My5vcmcvMjAwMC9zdmciPjwvc3ZnPg==\" style=\"--smush-placeholder-width: 350px; --smush-placeholder-aspect-ratio: 350\/245;\" \/><br \/>\n<div class=\"column one-second mobile-one\"><div class=\"mcb-column-inner\"><\/p>\n<h4>AFFUMICATORE VERTICALE A GAS<\/h4>\n<p>Broil King \u00e8 il marchio del Nord America che costruisce barbecue dalle alte prestazioni e dalla grande affidabilit\u00e0, prestando particolare attenzione alla qualit\u00e0 dei materiali e alla capacit\u00e0 di cottura. Affumicatore a gas di nuova generazione, completamente coibentato e con il terminale superiore in fusione di alluminio per garantire la massima stabilit\u00e0 della temperatura. Una sofisticata tecnologia rivolta a conferire un aroma insuperabile ai cibi. Bruciatore in acciaio inox da 4,4 kw con accensione elettronica tramite pulsante. Con luci interne per consentirti la massima visibilit\u00e0. Il fornello laterale aggiunge 2.70 kw per garantirti grande funzionalit\u00e0 e tanto spazio per preparare i tuoi piatti.<br \/>\n<\/div><\/div>\n<div class=\"column one-second mobile-one\"><div class=\"mcb-column-inner\"><\/p>\n<h4>Come \u00e8 fatto:<\/h4>\n<p>Piani di cottura formati da 4 griglie in acciaio inox dalle dimensioni di 38x32cm l&#8217;una, regolabili in altezza. Presenti anche un supporto per costine ed arrosti in acciaio inox, 16 ganci in acciaio inox per appendere il cibo e 2 ampie vaschette, una per i legnetti affumicatura ed una per l&#8217;acqua. Valvola gas a regolazione infinitesimale, per un perfetto controllo della temperatura. Struttura in acciaio a doppia parete e a verniciatura epossidica ad alta temperatura. Doppia anta frontale completa di guarnizione e chiavistello, per un sistema di chiusura ermetico. Le maniglie sono ad alta resistenza. Il termometro per il controllo della temperatura \u00e8 posto sull&#8217;anta frontale superiore. Ghiere in alluminio per la regolazione del tiraggio. Vaschetta ripiegabile per la raccolta dei grassi. Apribottiglie e 4 ganci porta attrezzi incorporati. Completano la struttura 4 piedi robusti completi di 2 routine per facilitare gli spostamenti dello smoker. Broil King offre 5 anni di garanzia sul braciere e 2 anni sulla verniciatura ed altri parti. <\/div><\/div>\n<\/p>\n","protected":false},"excerpt":{"rendered":"<p>L&#8217;affumicatore verticale a gas della Broil King \u00e8 una garanzia di qualit\u00e0. Presenta una struttura in acciaio a doppia parete e dei bruciatori realizzati con materiali di prima qualit\u00e0. Riesce a mantenere temperature costanti e tempi di cottura prolungati, caratteristica principale nella tecnica dell\u2019affumicatura. Ripiani e accessori interni in acciaio inox.<\/p>\n","protected":false},"featured_media":377,"comment_status":"closed","ping_status":"closed","template":"","meta":[],"product_brand":[],"product_cat":[22],"product_tag":[36,37,28],"class_list":{"0":"post-376","1":"product","2":"type-product","3":"status-publish","4":"has-post-thumbnail","6":"product_cat-affumicatori","7":"product_tag-affumicatore","8":"product_tag-affumicatore-a-gas","9":"product_tag-broil-king","11":"first","12":"instock","13":"shipping-taxable","14":"product-type-simple"},"yoast_head":"<!-- This site is optimized with the Yoast SEO plugin v27.2 - https:\/\/yoast.com\/product\/yoast-seo-wordpress\/ -->\n<title>Affumicatore verticale a gas - Barbecue a gas, carbone, portatili, da incasso, a pellet MABA mabasnc.itw<\/title>\n<meta name=\"description\" content=\"Affumicatore a gas Broil king struttura in acciaio a doppia parete, con bruciatore in acciaio inox da 4,4 kw accensione elettronica\" \/>\n<meta name=\"robots\" content=\"index, follow, max-snippet:-1, max-image-preview:large, max-video-preview:-1\" \/>\n<link rel=\"canonical\" href=\"https:\/\/mabasnc.it\/index.php\/prodotto\/affumicatore-verticale-a-gas\/\" \/>\n<meta property=\"og:locale\" content=\"it_IT\" \/>\n<meta property=\"og:type\" content=\"article\" \/>\n<meta property=\"og:title\" content=\"Affumicatore verticale a gas - Barbecue a gas, carbone, portatili, da incasso, a pellet MABA mabasnc.itw\" \/>\n<meta property=\"og:description\" content=\"Affumicatore a gas Broil king struttura in acciaio a doppia parete, con bruciatore in acciaio inox da 4,4 kw accensione elettronica\" \/>\n<meta property=\"og:url\" content=\"https:\/\/mabasnc.it\/index.php\/prodotto\/affumicatore-verticale-a-gas\/\" \/>\n<meta property=\"og:site_name\" content=\"Barbecue a gas, carbone, portatili, da incasso, a pellet MABA mabasnc.itw\" \/>\n<meta property=\"article:modified_time\" content=\"2021-12-09T16:30:24+00:00\" \/>\n<meta property=\"og:image\" content=\"https:\/\/mabasnc.it\/wp-content\/uploads\/2021\/12\/affumicatore-verticale-a-gas.jpg\" \/>\n\t<meta property=\"og:image:width\" content=\"600\" \/>\n\t<meta property=\"og:image:height\" content=\"600\" \/>\n\t<meta property=\"og:image:type\" content=\"image\/jpeg\" \/>\n<meta name=\"twitter:card\" content=\"summary_large_image\" \/>\n<meta name=\"twitter:label1\" content=\"Tempo di lettura stimato\" \/>\n\t<meta name=\"twitter:data1\" content=\"1 minuto\" \/>\n<script type=\"application\/ld+json\" class=\"yoast-schema-graph\">{\"@context\":\"https:\/\/schema.org\",\"@graph\":[{\"@type\":\"WebPage\",\"@id\":\"https:\/\/mabasnc.it\/index.php\/prodotto\/affumicatore-verticale-a-gas\/\",\"url\":\"https:\/\/mabasnc.it\/index.php\/prodotto\/affumicatore-verticale-a-gas\/\",\"name\":\"Affumicatore verticale a gas - Barbecue a gas, carbone, portatili, da incasso, a pellet MABA mabasnc.itw\",\"isPartOf\":{\"@id\":\"https:\/\/mabasnc.it\/#website\"},\"primaryImageOfPage\":{\"@id\":\"https:\/\/mabasnc.it\/index.php\/prodotto\/affumicatore-verticale-a-gas\/#primaryimage\"},\"image\":{\"@id\":\"https:\/\/mabasnc.it\/index.php\/prodotto\/affumicatore-verticale-a-gas\/#primaryimage\"},\"thumbnailUrl\":\"https:\/\/mabasnc.it\/wp-content\/uploads\/2021\/12\/affumicatore-verticale-a-gas.jpg\",\"datePublished\":\"2021-12-09T16:22:16+00:00\",\"dateModified\":\"2021-12-09T16:30:24+00:00\",\"description\":\"Affumicatore a gas Broil king struttura in acciaio a doppia parete, con bruciatore in acciaio inox da 4,4 kw accensione elettronica\",\"breadcrumb\":{\"@id\":\"https:\/\/mabasnc.it\/index.php\/prodotto\/affumicatore-verticale-a-gas\/#breadcrumb\"},\"inLanguage\":\"it-IT\",\"potentialAction\":[{\"@type\":\"ReadAction\",\"target\":[\"https:\/\/mabasnc.it\/index.php\/prodotto\/affumicatore-verticale-a-gas\/\"]}]},{\"@type\":\"ImageObject\",\"inLanguage\":\"it-IT\",\"@id\":\"https:\/\/mabasnc.it\/index.php\/prodotto\/affumicatore-verticale-a-gas\/#primaryimage\",\"url\":\"https:\/\/mabasnc.it\/wp-content\/uploads\/2021\/12\/affumicatore-verticale-a-gas.jpg\",\"contentUrl\":\"https:\/\/mabasnc.it\/wp-content\/uploads\/2021\/12\/affumicatore-verticale-a-gas.jpg\",\"width\":600,\"height\":600,\"caption\":\"affumicatore broil king\"},{\"@type\":\"BreadcrumbList\",\"@id\":\"https:\/\/mabasnc.it\/index.php\/prodotto\/affumicatore-verticale-a-gas\/#breadcrumb\",\"itemListElement\":[{\"@type\":\"ListItem\",\"position\":1,\"name\":\"Home\",\"item\":\"https:\/\/mabasnc.it\/\"},{\"@type\":\"ListItem\",\"position\":2,\"name\":\"CATALOGO PRODOTTI\",\"item\":\"https:\/\/mabasnc.it\/index.php\/catalogo-prodotti\/\"},{\"@type\":\"ListItem\",\"position\":3,\"name\":\"Affumicatore verticale a gas\"}]},{\"@type\":\"WebSite\",\"@id\":\"https:\/\/mabasnc.it\/#website\",\"url\":\"https:\/\/mabasnc.it\/\",\"name\":\"Barbecue a gas, carbone, portatili, da incasso, a pellet MABA mabasnc.itw\",\"description\":\"Maba Settimo torinese ti offre un\u2019ampia gamma di barbecue a gas, carbone a legna\",\"potentialAction\":[{\"@type\":\"SearchAction\",\"target\":{\"@type\":\"EntryPoint\",\"urlTemplate\":\"https:\/\/mabasnc.it\/?s={search_term_string}\"},\"query-input\":{\"@type\":\"PropertyValueSpecification\",\"valueRequired\":true,\"valueName\":\"search_term_string\"}}],\"inLanguage\":\"it-IT\"}]}<\/script>\n<!-- \/ Yoast SEO plugin. -->","yoast_head_json":{"title":"Affumicatore verticale a gas - Barbecue a gas, carbone, portatili, da incasso, a pellet MABA mabasnc.itw","description":"Affumicatore a gas Broil king struttura in acciaio a doppia parete, con bruciatore in acciaio inox da 4,4 kw accensione elettronica","robots":{"index":"index","follow":"follow","max-snippet":"max-snippet:-1","max-image-preview":"max-image-preview:large","max-video-preview":"max-video-preview:-1"},"canonical":"https:\/\/mabasnc.it\/index.php\/prodotto\/affumicatore-verticale-a-gas\/","og_locale":"it_IT","og_type":"article","og_title":"Affumicatore verticale a gas - Barbecue a gas, carbone, portatili, da incasso, a pellet MABA mabasnc.itw","og_description":"Affumicatore a gas Broil king struttura in acciaio a doppia parete, con bruciatore in acciaio inox da 4,4 kw accensione elettronica","og_url":"https:\/\/mabasnc.it\/index.php\/prodotto\/affumicatore-verticale-a-gas\/","og_site_name":"Barbecue a gas, carbone, portatili, da incasso, a pellet MABA mabasnc.itw","article_modified_time":"2021-12-09T16:30:24+00:00","og_image":[{"width":600,"height":600,"url":"https:\/\/mabasnc.it\/wp-content\/uploads\/2021\/12\/affumicatore-verticale-a-gas.jpg","type":"image\/jpeg"}],"twitter_card":"summary_large_image","twitter_misc":{"Tempo di lettura stimato":"1 minuto"},"schema":{"@context":"https:\/\/schema.org","@graph":[{"@type":"WebPage","@id":"https:\/\/mabasnc.it\/index.php\/prodotto\/affumicatore-verticale-a-gas\/","url":"https:\/\/mabasnc.it\/index.php\/prodotto\/affumicatore-verticale-a-gas\/","name":"Affumicatore verticale a gas - Barbecue a gas, carbone, portatili, da incasso, a pellet MABA mabasnc.itw","isPartOf":{"@id":"https:\/\/mabasnc.it\/#website"},"primaryImageOfPage":{"@id":"https:\/\/mabasnc.it\/index.php\/prodotto\/affumicatore-verticale-a-gas\/#primaryimage"},"image":{"@id":"https:\/\/mabasnc.it\/index.php\/prodotto\/affumicatore-verticale-a-gas\/#primaryimage"},"thumbnailUrl":"https:\/\/mabasnc.it\/wp-content\/uploads\/2021\/12\/affumicatore-verticale-a-gas.jpg","datePublished":"2021-12-09T16:22:16+00:00","dateModified":"2021-12-09T16:30:24+00:00","description":"Affumicatore a gas Broil king struttura in acciaio a doppia parete, con bruciatore in acciaio inox da 4,4 kw accensione elettronica","breadcrumb":{"@id":"https:\/\/mabasnc.it\/index.php\/prodotto\/affumicatore-verticale-a-gas\/#breadcrumb"},"inLanguage":"it-IT","potentialAction":[{"@type":"ReadAction","target":["https:\/\/mabasnc.it\/index.php\/prodotto\/affumicatore-verticale-a-gas\/"]}]},{"@type":"ImageObject","inLanguage":"it-IT","@id":"https:\/\/mabasnc.it\/index.php\/prodotto\/affumicatore-verticale-a-gas\/#primaryimage","url":"https:\/\/mabasnc.it\/wp-content\/uploads\/2021\/12\/affumicatore-verticale-a-gas.jpg","contentUrl":"https:\/\/mabasnc.it\/wp-content\/uploads\/2021\/12\/affumicatore-verticale-a-gas.jpg","width":600,"height":600,"caption":"affumicatore broil king"},{"@type":"BreadcrumbList","@id":"https:\/\/mabasnc.it\/index.php\/prodotto\/affumicatore-verticale-a-gas\/#breadcrumb","itemListElement":[{"@type":"ListItem","position":1,"name":"Home","item":"https:\/\/mabasnc.it\/"},{"@type":"ListItem","position":2,"name":"CATALOGO PRODOTTI","item":"https:\/\/mabasnc.it\/index.php\/catalogo-prodotti\/"},{"@type":"ListItem","position":3,"name":"Affumicatore verticale a gas"}]},{"@type":"WebSite","@id":"https:\/\/mabasnc.it\/#website","url":"https:\/\/mabasnc.it\/","name":"Barbecue a gas, carbone, portatili, da incasso, a pellet MABA mabasnc.itw","description":"Maba Settimo torinese ti offre un\u2019ampia gamma di barbecue a gas, carbone a legna","potentialAction":[{"@type":"SearchAction","target":{"@type":"EntryPoint","urlTemplate":"https:\/\/mabasnc.it\/?s={search_term_string}"},"query-input":{"@type":"PropertyValueSpecification","valueRequired":true,"valueName":"search_term_string"}}],"inLanguage":"it-IT"}]}},"_links":{"self":[{"href":"https:\/\/mabasnc.it\/index.php\/wp-json\/wp\/v2\/product\/376","targetHints":{"allow":["GET"]}}],"collection":[{"href":"https:\/\/mabasnc.it\/index.php\/wp-json\/wp\/v2\/product"}],"about":[{"href":"https:\/\/mabasnc.it\/index.php\/wp-json\/wp\/v2\/types\/product"}],"replies":[{"embeddable":true,"href":"https:\/\/mabasnc.it\/index.php\/wp-json\/wp\/v2\/comments?post=376"}],"wp:featuredmedia":[{"embeddable":true,"href":"https:\/\/mabasnc.it\/index.php\/wp-json\/wp\/v2\/media\/377"}],"wp:attachment":[{"href":"https:\/\/mabasnc.it\/index.php\/wp-json\/wp\/v2\/media?parent=376"}],"wp:term":[{"taxonomy":"product_brand","embeddable":true,"href":"https:\/\/mabasnc.it\/index.php\/wp-json\/wp\/v2\/product_brand?post=376"},{"taxonomy":"product_cat","embeddable":true,"href":"https:\/\/mabasnc.it\/index.php\/wp-json\/wp\/v2\/product_cat?post=376"},{"taxonomy":"product_tag","embeddable":true,"href":"https:\/\/mabasnc.it\/index.php\/wp-json\/wp\/v2\/product_tag?post=376"}],"curies":[{"name":"wp","href":"https:\/\/api.w.org\/{rel}","templated":true}]}}