{"id":363,"date":"2021-12-09T11:03:47","date_gmt":"2021-12-09T11:03:47","guid":{"rendered":"https:\/\/mabasnc.it\/?post_type=product&#038;p=363"},"modified":"2021-12-09T11:04:39","modified_gmt":"2021-12-09T11:04:39","slug":"imperial-590-da-incasso-metano","status":"publish","type":"product","link":"https:\/\/mabasnc.it\/index.php\/prodotto\/imperial-590-da-incasso-metano\/","title":{"rendered":"Imperial 590 da incasso MATANO"},"content":{"rendered":"<h4 style=\"text-align: center; margin: 30px 0;\">Imperial 590 da incasso METANO\/h4><br \/>\n<img decoding=\"async\" class=\"size-medium wp-image-210 aligncenter lazyload\" data-src=\"https:\/\/mabasnc.it\/wp-content\/uploads\/2021\/12\/imperial-590-da-incasso-gpl.jpg\" alt=\"home_biker_product_details1\" width=\"350\" height=\"245\" src=\"data:image\/svg+xml;base64,PHN2ZyB3aWR0aD0iMSIgaGVpZ2h0PSIxIiB4bWxucz0iaHR0cDovL3d3dy53My5vcmcvMjAwMC9zdmciPjwvc3ZnPg==\" style=\"--smush-placeholder-width: 350px; --smush-placeholder-aspect-ratio: 350\/245;\" \/><br \/>\n<div class=\"column one-second mobile-one\"><div class=\"mcb-column-inner\"><\/p>\n<h4>Imperial 590 da incasso METANO<\/h4>\n<p>Broil King \u00e8 il marchio del Nord America che costruisce barbecue dalle alte prestazioni e dalla grande affidabilit\u00e0, prestando particolare attenzione alla qualit\u00e0 dei materiali e alla capacit\u00e0 di cottura. Produce barbecue ispirati alle cucine professionali, dai dettagli curati e dalla grande versatilit\u00e0. Il Broil King Imperial 590 \u00e8 dotato di 5 bruciatori Dual Tube da 16.20 kw, fornello laterale da 2.70 kw, bruciatore posteriore da 5.20 kw. Il bruciatore Dual Tube \u00e8 stato brevettato e studiato per permettere una distribuzione omogenea del calore. Le due fiamme infatti scaldano in maniera uniforme il bruciatore. Con luci interne per consentirti la massima visibilit\u00e0. Il fornello laterale aggiunge 2.70 kw per garantirti grande funzionalit\u00e0 e tanto spazio per preparare i tuoi piatti. <\/div><\/div>\n<div class=\"column one-second mobile-one\"><div class=\"mcb-column-inner\"><\/p>\n<h4>Come \u00e8 fatto:<\/h4>\n<p> Le griglie di cottura sono in fusione di acciaio inox, 5 di cm 15&#215;49, e consentono una cottura uniforme donando garanzia di affidabilit\u00e0 e robustezza. Inoltre sono di facile manutenzione per conservare il tuo barbecue perfettamente pulito. Il barbecue \u00e8 dotato anche di bruciatore posteriore per girarrosto, da 5.20 kw, che permette una cottura ottimale. Il coperchio \u00e8 in fusione di alluminio e acciaio inox con doppia cappa. L&#8217;accensione \u00e8 elettronica. Il barbecue Broil King Imperial 590 \u00e8 provvisto di diffusori di calore Flav-R-Wave in acciaio inox, che permettono di vaporizzare i sughi di cottura ed evitare inutili fiammate. Le manopole di regolazione dei bruciatori sono illuminate a led e controllano perfettamente la temperatura grazie alla loro regolazione infinitesimale, poich\u00e9 ruotano di 180\u00b0. Ha un termometro a sonda Accu-Temp per il controllo della temperatura dei forni. Regolatore di pressione 28\/30 mm bar incluso. Una comoda griglia scaldavivande ti aiuter\u00e0 a mantenere caldi i cibi cucinati. Broil King offre una garanzia a vita sulla fusione, 10 anni sui bruciatori, 2 anni su parti e verniciatura.<\/div><\/div>\n<\/p>\n","protected":false},"excerpt":{"rendered":"<p>Il barbecue IMPERIAL 590 ha una struttura interamente in acciaio inox che gli dona robustezza e qualit\u00e0. E&#8217; dotato di luci interne a led. Possibilit\u00e0 di averlo con kit per gas metano, reso disponibile dalla casa madre, che permette cos\u00ec di mantenere la garanzia.<\/p>\n","protected":false},"featured_media":361,"comment_status":"closed","ping_status":"closed","template":"","meta":[],"product_brand":[],"product_cat":[21],"product_tag":[27,35,32,28],"class_list":{"0":"post-363","1":"product","2":"type-product","3":"status-publish","4":"has-post-thumbnail","6":"product_cat-barbecue-da-incasso","7":"product_tag-barbecue","8":"product_tag-barbecue-da-incassso","9":"product_tag-barbecue-settimo-torinese","10":"product_tag-broil-king","12":"first","13":"instock","14":"shipping-taxable","15":"product-type-simple"},"yoast_head":"<!-- This site is optimized with the Yoast SEO plugin v27.2 - https:\/\/yoast.com\/product\/yoast-seo-wordpress\/ -->\n<title>Imperial 590 da incasso MATANO - Barbecue a gas, carbone, portatili, da incasso, a pellet MABA mabasnc.itw<\/title>\n<meta name=\"description\" content=\"Barbecue a gas imperial 590 da incassso Broil king interamente in acciaio inox, dotato di 5 bruciatori Dual Tube da 16.20 kw\" \/>\n<meta name=\"robots\" content=\"index, follow, max-snippet:-1, max-image-preview:large, max-video-preview:-1\" \/>\n<link rel=\"canonical\" href=\"https:\/\/mabasnc.it\/index.php\/prodotto\/imperial-590-da-incasso-metano\/\" \/>\n<meta property=\"og:locale\" content=\"it_IT\" \/>\n<meta property=\"og:type\" content=\"article\" \/>\n<meta property=\"og:title\" content=\"Imperial 590 da incasso MATANO - Barbecue a gas, carbone, portatili, da incasso, a pellet MABA mabasnc.itw\" \/>\n<meta property=\"og:description\" content=\"Barbecue a gas imperial 590 da incassso Broil king interamente in acciaio inox, dotato di 5 bruciatori Dual Tube da 16.20 kw\" \/>\n<meta property=\"og:url\" content=\"https:\/\/mabasnc.it\/index.php\/prodotto\/imperial-590-da-incasso-metano\/\" \/>\n<meta property=\"og:site_name\" content=\"Barbecue a gas, carbone, portatili, da incasso, a pellet MABA mabasnc.itw\" \/>\n<meta property=\"article:modified_time\" content=\"2021-12-09T11:04:39+00:00\" \/>\n<meta property=\"og:image\" content=\"https:\/\/mabasnc.it\/wp-content\/uploads\/2021\/12\/imperial-590-da-incasso-gpl.jpg\" \/>\n\t<meta property=\"og:image:width\" content=\"600\" \/>\n\t<meta property=\"og:image:height\" content=\"600\" \/>\n\t<meta property=\"og:image:type\" content=\"image\/jpeg\" \/>\n<meta name=\"twitter:card\" content=\"summary_large_image\" \/>\n<meta name=\"twitter:label1\" content=\"Tempo di lettura stimato\" \/>\n\t<meta name=\"twitter:data1\" content=\"1 minuto\" \/>\n<script type=\"application\/ld+json\" class=\"yoast-schema-graph\">{\"@context\":\"https:\/\/schema.org\",\"@graph\":[{\"@type\":\"WebPage\",\"@id\":\"https:\/\/mabasnc.it\/index.php\/prodotto\/imperial-590-da-incasso-metano\/\",\"url\":\"https:\/\/mabasnc.it\/index.php\/prodotto\/imperial-590-da-incasso-metano\/\",\"name\":\"Imperial 590 da incasso MATANO - Barbecue a gas, carbone, portatili, da incasso, a pellet MABA mabasnc.itw\",\"isPartOf\":{\"@id\":\"https:\/\/mabasnc.it\/#website\"},\"primaryImageOfPage\":{\"@id\":\"https:\/\/mabasnc.it\/index.php\/prodotto\/imperial-590-da-incasso-metano\/#primaryimage\"},\"image\":{\"@id\":\"https:\/\/mabasnc.it\/index.php\/prodotto\/imperial-590-da-incasso-metano\/#primaryimage\"},\"thumbnailUrl\":\"https:\/\/mabasnc.it\/wp-content\/uploads\/2021\/12\/imperial-590-da-incasso-gpl.jpg\",\"datePublished\":\"2021-12-09T11:03:47+00:00\",\"dateModified\":\"2021-12-09T11:04:39+00:00\",\"description\":\"Barbecue a gas imperial 590 da incassso Broil king interamente in acciaio inox, dotato di 5 bruciatori Dual Tube da 16.20 kw\",\"breadcrumb\":{\"@id\":\"https:\/\/mabasnc.it\/index.php\/prodotto\/imperial-590-da-incasso-metano\/#breadcrumb\"},\"inLanguage\":\"it-IT\",\"potentialAction\":[{\"@type\":\"ReadAction\",\"target\":[\"https:\/\/mabasnc.it\/index.php\/prodotto\/imperial-590-da-incasso-metano\/\"]}]},{\"@type\":\"ImageObject\",\"inLanguage\":\"it-IT\",\"@id\":\"https:\/\/mabasnc.it\/index.php\/prodotto\/imperial-590-da-incasso-metano\/#primaryimage\",\"url\":\"https:\/\/mabasnc.it\/wp-content\/uploads\/2021\/12\/imperial-590-da-incasso-gpl.jpg\",\"contentUrl\":\"https:\/\/mabasnc.it\/wp-content\/uploads\/2021\/12\/imperial-590-da-incasso-gpl.jpg\",\"width\":600,\"height\":600,\"caption\":\"barbecue a gas settimo torinese\"},{\"@type\":\"BreadcrumbList\",\"@id\":\"https:\/\/mabasnc.it\/index.php\/prodotto\/imperial-590-da-incasso-metano\/#breadcrumb\",\"itemListElement\":[{\"@type\":\"ListItem\",\"position\":1,\"name\":\"Home\",\"item\":\"https:\/\/mabasnc.it\/\"},{\"@type\":\"ListItem\",\"position\":2,\"name\":\"CATALOGO PRODOTTI\",\"item\":\"https:\/\/mabasnc.it\/index.php\/catalogo-prodotti\/\"},{\"@type\":\"ListItem\",\"position\":3,\"name\":\"Imperial 590 da incasso MATANO\"}]},{\"@type\":\"WebSite\",\"@id\":\"https:\/\/mabasnc.it\/#website\",\"url\":\"https:\/\/mabasnc.it\/\",\"name\":\"Barbecue a gas, carbone, portatili, da incasso, a pellet MABA mabasnc.itw\",\"description\":\"Maba Settimo torinese ti offre un\u2019ampia gamma di barbecue a gas, carbone a legna\",\"potentialAction\":[{\"@type\":\"SearchAction\",\"target\":{\"@type\":\"EntryPoint\",\"urlTemplate\":\"https:\/\/mabasnc.it\/?s={search_term_string}\"},\"query-input\":{\"@type\":\"PropertyValueSpecification\",\"valueRequired\":true,\"valueName\":\"search_term_string\"}}],\"inLanguage\":\"it-IT\"}]}<\/script>\n<!-- \/ Yoast SEO plugin. -->","yoast_head_json":{"title":"Imperial 590 da incasso MATANO - Barbecue a gas, carbone, portatili, da incasso, a pellet MABA mabasnc.itw","description":"Barbecue a gas imperial 590 da incassso Broil king interamente in acciaio inox, dotato di 5 bruciatori Dual Tube da 16.20 kw","robots":{"index":"index","follow":"follow","max-snippet":"max-snippet:-1","max-image-preview":"max-image-preview:large","max-video-preview":"max-video-preview:-1"},"canonical":"https:\/\/mabasnc.it\/index.php\/prodotto\/imperial-590-da-incasso-metano\/","og_locale":"it_IT","og_type":"article","og_title":"Imperial 590 da incasso MATANO - Barbecue a gas, carbone, portatili, da incasso, a pellet MABA mabasnc.itw","og_description":"Barbecue a gas imperial 590 da incassso Broil king interamente in acciaio inox, dotato di 5 bruciatori Dual Tube da 16.20 kw","og_url":"https:\/\/mabasnc.it\/index.php\/prodotto\/imperial-590-da-incasso-metano\/","og_site_name":"Barbecue a gas, carbone, portatili, da incasso, a pellet MABA mabasnc.itw","article_modified_time":"2021-12-09T11:04:39+00:00","og_image":[{"width":600,"height":600,"url":"https:\/\/mabasnc.it\/wp-content\/uploads\/2021\/12\/imperial-590-da-incasso-gpl.jpg","type":"image\/jpeg"}],"twitter_card":"summary_large_image","twitter_misc":{"Tempo di lettura stimato":"1 minuto"},"schema":{"@context":"https:\/\/schema.org","@graph":[{"@type":"WebPage","@id":"https:\/\/mabasnc.it\/index.php\/prodotto\/imperial-590-da-incasso-metano\/","url":"https:\/\/mabasnc.it\/index.php\/prodotto\/imperial-590-da-incasso-metano\/","name":"Imperial 590 da incasso MATANO - Barbecue a gas, carbone, portatili, da incasso, a pellet MABA mabasnc.itw","isPartOf":{"@id":"https:\/\/mabasnc.it\/#website"},"primaryImageOfPage":{"@id":"https:\/\/mabasnc.it\/index.php\/prodotto\/imperial-590-da-incasso-metano\/#primaryimage"},"image":{"@id":"https:\/\/mabasnc.it\/index.php\/prodotto\/imperial-590-da-incasso-metano\/#primaryimage"},"thumbnailUrl":"https:\/\/mabasnc.it\/wp-content\/uploads\/2021\/12\/imperial-590-da-incasso-gpl.jpg","datePublished":"2021-12-09T11:03:47+00:00","dateModified":"2021-12-09T11:04:39+00:00","description":"Barbecue a gas imperial 590 da incassso Broil king interamente in acciaio inox, dotato di 5 bruciatori Dual Tube da 16.20 kw","breadcrumb":{"@id":"https:\/\/mabasnc.it\/index.php\/prodotto\/imperial-590-da-incasso-metano\/#breadcrumb"},"inLanguage":"it-IT","potentialAction":[{"@type":"ReadAction","target":["https:\/\/mabasnc.it\/index.php\/prodotto\/imperial-590-da-incasso-metano\/"]}]},{"@type":"ImageObject","inLanguage":"it-IT","@id":"https:\/\/mabasnc.it\/index.php\/prodotto\/imperial-590-da-incasso-metano\/#primaryimage","url":"https:\/\/mabasnc.it\/wp-content\/uploads\/2021\/12\/imperial-590-da-incasso-gpl.jpg","contentUrl":"https:\/\/mabasnc.it\/wp-content\/uploads\/2021\/12\/imperial-590-da-incasso-gpl.jpg","width":600,"height":600,"caption":"barbecue a gas settimo torinese"},{"@type":"BreadcrumbList","@id":"https:\/\/mabasnc.it\/index.php\/prodotto\/imperial-590-da-incasso-metano\/#breadcrumb","itemListElement":[{"@type":"ListItem","position":1,"name":"Home","item":"https:\/\/mabasnc.it\/"},{"@type":"ListItem","position":2,"name":"CATALOGO PRODOTTI","item":"https:\/\/mabasnc.it\/index.php\/catalogo-prodotti\/"},{"@type":"ListItem","position":3,"name":"Imperial 590 da incasso MATANO"}]},{"@type":"WebSite","@id":"https:\/\/mabasnc.it\/#website","url":"https:\/\/mabasnc.it\/","name":"Barbecue a gas, carbone, portatili, da incasso, a pellet MABA mabasnc.itw","description":"Maba Settimo torinese ti offre un\u2019ampia gamma di barbecue a gas, carbone a legna","potentialAction":[{"@type":"SearchAction","target":{"@type":"EntryPoint","urlTemplate":"https:\/\/mabasnc.it\/?s={search_term_string}"},"query-input":{"@type":"PropertyValueSpecification","valueRequired":true,"valueName":"search_term_string"}}],"inLanguage":"it-IT"}]}},"_links":{"self":[{"href":"https:\/\/mabasnc.it\/index.php\/wp-json\/wp\/v2\/product\/363","targetHints":{"allow":["GET"]}}],"collection":[{"href":"https:\/\/mabasnc.it\/index.php\/wp-json\/wp\/v2\/product"}],"about":[{"href":"https:\/\/mabasnc.it\/index.php\/wp-json\/wp\/v2\/types\/product"}],"replies":[{"embeddable":true,"href":"https:\/\/mabasnc.it\/index.php\/wp-json\/wp\/v2\/comments?post=363"}],"wp:featuredmedia":[{"embeddable":true,"href":"https:\/\/mabasnc.it\/index.php\/wp-json\/wp\/v2\/media\/361"}],"wp:attachment":[{"href":"https:\/\/mabasnc.it\/index.php\/wp-json\/wp\/v2\/media?parent=363"}],"wp:term":[{"taxonomy":"product_brand","embeddable":true,"href":"https:\/\/mabasnc.it\/index.php\/wp-json\/wp\/v2\/product_brand?post=363"},{"taxonomy":"product_cat","embeddable":true,"href":"https:\/\/mabasnc.it\/index.php\/wp-json\/wp\/v2\/product_cat?post=363"},{"taxonomy":"product_tag","embeddable":true,"href":"https:\/\/mabasnc.it\/index.php\/wp-json\/wp\/v2\/product_tag?post=363"}],"curies":[{"name":"wp","href":"https:\/\/api.w.org\/{rel}","templated":true}]}}